{"id":44418,"date":"2026-05-07T00:17:53","date_gmt":"2026-05-06T21:17:53","guid":{"rendered":"https:\/\/rezekne.citro.lv\/veikals\/kartupeli-fri-saldeti-super-long-aviko-600g\/"},"modified":"2026-05-17T06:28:18","modified_gmt":"2026-05-17T03:28:18","slug":"saldeti-fri-kartupeli-super-long-aviko-600g","status":"publish","type":"product","link":"https:\/\/rezekne.citro.lv\/ru\/product\/saldeti-fri-kartupeli-super-long-aviko-600g\/","title":{"rendered":"SALD\u0112TI FR\u012a KARTUPE\u013bI SUPER LONG AVIKO 600G"},"content":{"rendered":"<p>Izcelsmes valsts: N\u012bderlande<\/p>\n","protected":false},"excerpt":{"rendered":"<p>4.82 \u20ac\/KG<\/p>\n","protected":false},"featured_media":19286,"template":"","meta":{"_acf_changed":false,"inline_featured_image":false},"product_cat":[231,232],"product_tag":[],"acf":[],"aioseo_notices":[],"_links":{"self":[{"href":"https:\/\/rezekne.citro.lv\/ru\/wp-json\/wp\/v2\/product\/44418"}],"collection":[{"href":"https:\/\/rezekne.citro.lv\/ru\/wp-json\/wp\/v2\/product"}],"about":[{"href":"https:\/\/rezekne.citro.lv\/ru\/wp-json\/wp\/v2\/types\/product"}],"wp:featuredmedia":[{"embeddable":true,"href":"https:\/\/rezekne.citro.lv\/ru\/wp-json\/wp\/v2\/media\/19286"}],"wp:attachment":[{"href":"https:\/\/rezekne.citro.lv\/ru\/wp-json\/wp\/v2\/media?parent=44418"}],"wp:term":[{"taxonomy":"product_cat","embeddable":true,"href":"https:\/\/rezekne.citro.lv\/ru\/wp-json\/wp\/v2\/product_cat?post=44418"},{"taxonomy":"product_tag","embeddable":true,"href":"https:\/\/rezekne.citro.lv\/ru\/wp-json\/wp\/v2\/product_tag?post=44418"}],"curies":[{"name":"wp","href":"https:\/\/api.w.org\/{rel}","templated":true}]}}