{"id":44421,"date":"2026-04-23T01:01:47","date_gmt":"2026-04-22T22:01:47","guid":{"rendered":"https:\/\/rezekne.citro.lv\/veikals\/majas-pelmeni-ar-cukgalu-500g\/"},"modified":"2026-05-01T06:12:50","modified_gmt":"2026-05-01T03:12:50","slug":"majas-pelmeni-ar-cukgalu-rgk-500g","status":"publish","type":"product","link":"https:\/\/rezekne.citro.lv\/ru\/product\/majas-pelmeni-ar-cukgalu-rgk-500g\/","title":{"rendered":"M\u0100JAS PELME\u0145I AR C\u016aKGA\u013bU RGK 500G"},"content":{"rendered":"<p>Izcelsmes valsts: Latvija<\/p>\n","protected":false},"excerpt":{"rendered":"<p>4.18 \u20ac\/KG<\/p>\n","protected":false},"featured_media":15288,"template":"","meta":{"_acf_changed":false,"inline_featured_image":false},"product_cat":[231,232],"product_tag":[],"acf":[],"aioseo_notices":[],"_links":{"self":[{"href":"https:\/\/rezekne.citro.lv\/ru\/wp-json\/wp\/v2\/product\/44421"}],"collection":[{"href":"https:\/\/rezekne.citro.lv\/ru\/wp-json\/wp\/v2\/product"}],"about":[{"href":"https:\/\/rezekne.citro.lv\/ru\/wp-json\/wp\/v2\/types\/product"}],"wp:featuredmedia":[{"embeddable":true,"href":"https:\/\/rezekne.citro.lv\/ru\/wp-json\/wp\/v2\/media\/15288"}],"wp:attachment":[{"href":"https:\/\/rezekne.citro.lv\/ru\/wp-json\/wp\/v2\/media?parent=44421"}],"wp:term":[{"taxonomy":"product_cat","embeddable":true,"href":"https:\/\/rezekne.citro.lv\/ru\/wp-json\/wp\/v2\/product_cat?post=44421"},{"taxonomy":"product_tag","embeddable":true,"href":"https:\/\/rezekne.citro.lv\/ru\/wp-json\/wp\/v2\/product_tag?post=44421"}],"curies":[{"name":"wp","href":"https:\/\/api.w.org\/{rel}","templated":true}]}}