{"id":44425,"date":"2026-04-09T00:17:30","date_gmt":"2026-04-08T21:17:30","guid":{"rendered":"https:\/\/rezekne.citro.lv\/veikals\/darzeni-frozana-vecmaminas-darzenu-zupa-saldeta-400g\/"},"modified":"2026-04-16T12:01:10","modified_gmt":"2026-04-16T09:01:10","slug":"darzeni-frozana-vecmaminas-darzenu-zupa-sald-400g","status":"publish","type":"product","link":"https:\/\/rezekne.citro.lv\/ru\/product\/darzeni-frozana-vecmaminas-darzenu-zupa-sald-400g\/","title":{"rendered":"D\u0100RZE\u0145I FROZANA VECM\u0100MI\u0145AS D\u0100RZE\u0145U ZUPA, SALD. 400G"},"content":{"rendered":"<p>Izcelsmes valsts: Polija<\/p>\n","protected":false},"excerpt":{"rendered":"<p>2.88 \u20ac\/KG<\/p>\n","protected":false},"featured_media":17658,"template":"","meta":{"_acf_changed":false,"inline_featured_image":false},"product_cat":[231,232],"product_tag":[],"acf":[],"aioseo_notices":[],"_links":{"self":[{"href":"https:\/\/rezekne.citro.lv\/ru\/wp-json\/wp\/v2\/product\/44425"}],"collection":[{"href":"https:\/\/rezekne.citro.lv\/ru\/wp-json\/wp\/v2\/product"}],"about":[{"href":"https:\/\/rezekne.citro.lv\/ru\/wp-json\/wp\/v2\/types\/product"}],"wp:featuredmedia":[{"embeddable":true,"href":"https:\/\/rezekne.citro.lv\/ru\/wp-json\/wp\/v2\/media\/17658"}],"wp:attachment":[{"href":"https:\/\/rezekne.citro.lv\/ru\/wp-json\/wp\/v2\/media?parent=44425"}],"wp:term":[{"taxonomy":"product_cat","embeddable":true,"href":"https:\/\/rezekne.citro.lv\/ru\/wp-json\/wp\/v2\/product_cat?post=44425"},{"taxonomy":"product_tag","embeddable":true,"href":"https:\/\/rezekne.citro.lv\/ru\/wp-json\/wp\/v2\/product_tag?post=44425"}],"curies":[{"name":"wp","href":"https:\/\/api.w.org\/{rel}","templated":true}]}}