{"id":44427,"date":"2026-01-02T01:01:22","date_gmt":"2026-01-01T23:01:22","guid":{"rendered":"https:\/\/rezekne.citro.lv\/veikals\/darzeni-pavasara-maisijums-frozana-saldeti-400g\/"},"modified":"2026-04-04T06:29:39","modified_gmt":"2026-04-04T03:29:39","slug":"sald-darzeni-pavasara-maisijums-frozana-400g","status":"publish","type":"product","link":"https:\/\/rezekne.citro.lv\/ru\/product\/sald-darzeni-pavasara-maisijums-frozana-400g\/","title":{"rendered":"SALD.D\u0100RZE\u0145I PAVASARA MAIS\u012aJUMS FROZANA 400G"},"content":{"rendered":"<p>Izcelsmes valsts: Polija<\/p>\n","protected":false},"excerpt":{"rendered":"<p>3.48 \u20ac\/KG<\/p>\n","protected":false},"featured_media":17501,"template":"","meta":{"_acf_changed":false,"inline_featured_image":false},"product_cat":[231,232],"product_tag":[],"acf":[],"aioseo_notices":[],"_links":{"self":[{"href":"https:\/\/rezekne.citro.lv\/ru\/wp-json\/wp\/v2\/product\/44427"}],"collection":[{"href":"https:\/\/rezekne.citro.lv\/ru\/wp-json\/wp\/v2\/product"}],"about":[{"href":"https:\/\/rezekne.citro.lv\/ru\/wp-json\/wp\/v2\/types\/product"}],"wp:featuredmedia":[{"embeddable":true,"href":"https:\/\/rezekne.citro.lv\/ru\/wp-json\/wp\/v2\/media\/17501"}],"wp:attachment":[{"href":"https:\/\/rezekne.citro.lv\/ru\/wp-json\/wp\/v2\/media?parent=44427"}],"wp:term":[{"taxonomy":"product_cat","embeddable":true,"href":"https:\/\/rezekne.citro.lv\/ru\/wp-json\/wp\/v2\/product_cat?post=44427"},{"taxonomy":"product_tag","embeddable":true,"href":"https:\/\/rezekne.citro.lv\/ru\/wp-json\/wp\/v2\/product_tag?post=44427"}],"curies":[{"name":"wp","href":"https:\/\/api.w.org\/{rel}","templated":true}]}}