{"id":44432,"date":"2025-01-03T00:45:16","date_gmt":"2025-01-02T22:45:16","guid":{"rendered":"https:\/\/rezekne.citro.lv\/veikals\/garneles-subland-caula-varit-a-g-ziemelu-90-120-35-500g\/"},"modified":"2025-10-01T07:09:58","modified_gmt":"2025-10-01T04:09:58","slug":"garneles-varitas-caula-saldetas-90-120-500g-salasz","status":"publish","type":"product","link":"https:\/\/rezekne.citro.lv\/ru\/product\/garneles-varitas-caula-saldetas-90-120-500g-salasz\/","title":{"rendered":"GARNELES V\u0100R\u012aTAS \u010cAUL\u0100, SALD\u0112TAS 90\/120 325G SALASZ"},"content":{"rendered":"<p>Izcelsmes valsts: Igaunija<\/p>\n","protected":false},"excerpt":{"rendered":"<p>21.51 \u20ac\/KG<\/p>\n","protected":false},"featured_media":15829,"template":"","meta":{"_acf_changed":false,"inline_featured_image":false},"product_cat":[231,232],"product_tag":[],"acf":[],"aioseo_notices":[],"_links":{"self":[{"href":"https:\/\/rezekne.citro.lv\/ru\/wp-json\/wp\/v2\/product\/44432"}],"collection":[{"href":"https:\/\/rezekne.citro.lv\/ru\/wp-json\/wp\/v2\/product"}],"about":[{"href":"https:\/\/rezekne.citro.lv\/ru\/wp-json\/wp\/v2\/types\/product"}],"wp:featuredmedia":[{"embeddable":true,"href":"https:\/\/rezekne.citro.lv\/ru\/wp-json\/wp\/v2\/media\/15829"}],"wp:attachment":[{"href":"https:\/\/rezekne.citro.lv\/ru\/wp-json\/wp\/v2\/media?parent=44432"}],"wp:term":[{"taxonomy":"product_cat","embeddable":true,"href":"https:\/\/rezekne.citro.lv\/ru\/wp-json\/wp\/v2\/product_cat?post=44432"},{"taxonomy":"product_tag","embeddable":true,"href":"https:\/\/rezekne.citro.lv\/ru\/wp-json\/wp\/v2\/product_tag?post=44432"}],"curies":[{"name":"wp","href":"https:\/\/api.w.org\/{rel}","templated":true}]}}