{"id":44436,"date":"2026-04-09T00:16:52","date_gmt":"2026-04-08T21:16:52","guid":{"rendered":"https:\/\/rezekne.citro.lv\/veikals\/pelmeni-traditional-ar-cukgalu-400g\/"},"modified":"2026-04-11T06:29:22","modified_gmt":"2026-04-11T03:29:22","slug":"pelmeni-ar-cukgalu-tradicional-vici-400g","status":"publish","type":"product","link":"https:\/\/rezekne.citro.lv\/ru\/product\/pelmeni-ar-cukgalu-tradicional-vici-400g\/","title":{"rendered":"PELME\u0145I AR C\u016aKGA\u013bU TRADICIONAL VI\u010cI 400G"},"content":{"rendered":"<p>Izcelsmes valsts: Lietuva<\/p>\n","protected":false},"excerpt":{"rendered":"<p>10.48 \u20ac\/KG<\/p>\n","protected":false},"featured_media":44537,"template":"","meta":{"_acf_changed":false,"inline_featured_image":false},"product_cat":[231,232],"product_tag":[],"acf":[],"aioseo_notices":[],"_links":{"self":[{"href":"https:\/\/rezekne.citro.lv\/ru\/wp-json\/wp\/v2\/product\/44436"}],"collection":[{"href":"https:\/\/rezekne.citro.lv\/ru\/wp-json\/wp\/v2\/product"}],"about":[{"href":"https:\/\/rezekne.citro.lv\/ru\/wp-json\/wp\/v2\/types\/product"}],"wp:featuredmedia":[{"embeddable":true,"href":"https:\/\/rezekne.citro.lv\/ru\/wp-json\/wp\/v2\/media\/44537"}],"wp:attachment":[{"href":"https:\/\/rezekne.citro.lv\/ru\/wp-json\/wp\/v2\/media?parent=44436"}],"wp:term":[{"taxonomy":"product_cat","embeddable":true,"href":"https:\/\/rezekne.citro.lv\/ru\/wp-json\/wp\/v2\/product_cat?post=44436"},{"taxonomy":"product_tag","embeddable":true,"href":"https:\/\/rezekne.citro.lv\/ru\/wp-json\/wp\/v2\/product_tag?post=44436"}],"curies":[{"name":"wp","href":"https:\/\/api.w.org\/{rel}","templated":true}]}}