{"id":44464,"date":"2026-01-09T00:02:03","date_gmt":"2026-01-08T22:02:03","guid":{"rendered":"https:\/\/rezekne.citro.lv\/veikals\/renges-saldetas-iqf-1kg\/"},"modified":"2026-05-01T06:13:26","modified_gmt":"2026-05-01T03:13:26","slug":"renges-saldetas-iqf-1kg-oniors","status":"publish","type":"product","link":"https:\/\/rezekne.citro.lv\/ru\/product\/renges-saldetas-iqf-1kg-oniors\/","title":{"rendered":"RE\u0145\u0122ES SALD\u0112TAS IQF 1KG ONIORS"},"content":{"rendered":"<p>Izcelsmes valsts: Latvija<\/p>\n","protected":false},"excerpt":{"rendered":"<p>3.49 \u20ac\/KG<\/p>\n","protected":false},"featured_media":49498,"template":"","meta":{"_acf_changed":false,"inline_featured_image":false},"product_cat":[231,232],"product_tag":[],"acf":[],"aioseo_notices":[],"_links":{"self":[{"href":"https:\/\/rezekne.citro.lv\/ru\/wp-json\/wp\/v2\/product\/44464"}],"collection":[{"href":"https:\/\/rezekne.citro.lv\/ru\/wp-json\/wp\/v2\/product"}],"about":[{"href":"https:\/\/rezekne.citro.lv\/ru\/wp-json\/wp\/v2\/types\/product"}],"wp:featuredmedia":[{"embeddable":true,"href":"https:\/\/rezekne.citro.lv\/ru\/wp-json\/wp\/v2\/media\/49498"}],"wp:attachment":[{"href":"https:\/\/rezekne.citro.lv\/ru\/wp-json\/wp\/v2\/media?parent=44464"}],"wp:term":[{"taxonomy":"product_cat","embeddable":true,"href":"https:\/\/rezekne.citro.lv\/ru\/wp-json\/wp\/v2\/product_cat?post=44464"},{"taxonomy":"product_tag","embeddable":true,"href":"https:\/\/rezekne.citro.lv\/ru\/wp-json\/wp\/v2\/product_tag?post=44464"}],"curies":[{"name":"wp","href":"https:\/\/api.w.org\/{rel}","templated":true}]}}