{"id":44483,"date":"2026-01-29T00:48:28","date_gmt":"2026-01-28T22:48:28","guid":{"rendered":"https:\/\/rezekne.citro.lv\/veikals\/cikenburgers-117g\/"},"modified":"2026-01-29T00:48:31","modified_gmt":"2026-01-28T22:48:31","slug":"cikenburgers-atri-sasaldets-117g-mantinga-latvia","status":"publish","type":"product","link":"https:\/\/rezekne.citro.lv\/ru\/product\/cikenburgers-atri-sasaldets-117g-mantinga-latvia\/","title":{"rendered":"\u010cIKENBURGERS \u0100TRI SASALD\u0112TS 117G (MANTINGA LATVIA)"},"content":{"rendered":"<p>Izcelsmes valsts: Lietuva<\/p>\n","protected":false},"excerpt":{"rendered":"<p>12.74 \u20ac\/KG<\/p>\n","protected":false},"featured_media":19632,"template":"","meta":{"_acf_changed":false,"inline_featured_image":false},"product_cat":[231,232],"product_tag":[],"acf":[],"aioseo_notices":[],"_links":{"self":[{"href":"https:\/\/rezekne.citro.lv\/ru\/wp-json\/wp\/v2\/product\/44483"}],"collection":[{"href":"https:\/\/rezekne.citro.lv\/ru\/wp-json\/wp\/v2\/product"}],"about":[{"href":"https:\/\/rezekne.citro.lv\/ru\/wp-json\/wp\/v2\/types\/product"}],"wp:featuredmedia":[{"embeddable":true,"href":"https:\/\/rezekne.citro.lv\/ru\/wp-json\/wp\/v2\/media\/19632"}],"wp:attachment":[{"href":"https:\/\/rezekne.citro.lv\/ru\/wp-json\/wp\/v2\/media?parent=44483"}],"wp:term":[{"taxonomy":"product_cat","embeddable":true,"href":"https:\/\/rezekne.citro.lv\/ru\/wp-json\/wp\/v2\/product_cat?post=44483"},{"taxonomy":"product_tag","embeddable":true,"href":"https:\/\/rezekne.citro.lv\/ru\/wp-json\/wp\/v2\/product_tag?post=44483"}],"curies":[{"name":"wp","href":"https:\/\/api.w.org\/{rel}","templated":true}]}}