{"id":44488,"date":"2024-08-27T11:16:18","date_gmt":"2024-08-27T08:16:18","guid":{"rendered":"https:\/\/rezekne.citro.lv\/veikals\/broilera-kotlesu-masa-saldeta-500g\/"},"modified":"2026-04-19T06:12:31","modified_gmt":"2026-04-19T03:12:31","slug":"broileru-kotlesu-masa-saldeta-500g-pf-kekava","status":"publish","type":"product","link":"https:\/\/rezekne.citro.lv\/ru\/product\/broileru-kotlesu-masa-saldeta-500g-pf-kekava\/","title":{"rendered":"BROILERU KOTLE\u0160U MASA SALD\u0112TA 500G PF \u0136EKAVA"},"content":{"rendered":"<p>Izcelsmes valsts: Latvija<\/p>\n","protected":false},"excerpt":{"rendered":"<p>3.30 \u20ac\/KG<\/p>\n","protected":false},"featured_media":17629,"template":"","meta":{"_acf_changed":false,"inline_featured_image":false},"product_cat":[231,232],"product_tag":[],"acf":[],"aioseo_notices":[],"_links":{"self":[{"href":"https:\/\/rezekne.citro.lv\/ru\/wp-json\/wp\/v2\/product\/44488"}],"collection":[{"href":"https:\/\/rezekne.citro.lv\/ru\/wp-json\/wp\/v2\/product"}],"about":[{"href":"https:\/\/rezekne.citro.lv\/ru\/wp-json\/wp\/v2\/types\/product"}],"wp:featuredmedia":[{"embeddable":true,"href":"https:\/\/rezekne.citro.lv\/ru\/wp-json\/wp\/v2\/media\/17629"}],"wp:attachment":[{"href":"https:\/\/rezekne.citro.lv\/ru\/wp-json\/wp\/v2\/media?parent=44488"}],"wp:term":[{"taxonomy":"product_cat","embeddable":true,"href":"https:\/\/rezekne.citro.lv\/ru\/wp-json\/wp\/v2\/product_cat?post=44488"},{"taxonomy":"product_tag","embeddable":true,"href":"https:\/\/rezekne.citro.lv\/ru\/wp-json\/wp\/v2\/product_tag?post=44488"}],"curies":[{"name":"wp","href":"https:\/\/api.w.org\/{rel}","templated":true}]}}