{"id":44495,"date":"2026-03-26T01:04:27","date_gmt":"2026-03-25T23:04:27","guid":{"rendered":"https:\/\/rezekne.citro.lv\/veikals\/mikla-kartaina-bezrauga-tesla-plaksnes-500g\/"},"modified":"2026-05-02T06:28:06","modified_gmt":"2026-05-02T03:28:06","slug":"mikla-kartaina-bezrauga-tesla-plaksnes-500g","status":"publish","type":"product","link":"https:\/\/rezekne.citro.lv\/ru\/product\/mikla-kartaina-bezrauga-tesla-plaksnes-500g\/","title":{"rendered":"M\u012aKLA K\u0100RTAIN\u0100 BEZRAUGA TESLA PL\u0100KSN\u0112S 500G"},"content":{"rendered":"<p>Izcelsmes valsts: Lietuva<\/p>\n","protected":false},"excerpt":{"rendered":"<p>3.98 \u20ac\/KG<\/p>\n","protected":false},"featured_media":16500,"template":"","meta":{"_acf_changed":false,"inline_featured_image":false},"product_cat":[231,232],"product_tag":[],"acf":[],"aioseo_notices":[],"_links":{"self":[{"href":"https:\/\/rezekne.citro.lv\/ru\/wp-json\/wp\/v2\/product\/44495"}],"collection":[{"href":"https:\/\/rezekne.citro.lv\/ru\/wp-json\/wp\/v2\/product"}],"about":[{"href":"https:\/\/rezekne.citro.lv\/ru\/wp-json\/wp\/v2\/types\/product"}],"wp:featuredmedia":[{"embeddable":true,"href":"https:\/\/rezekne.citro.lv\/ru\/wp-json\/wp\/v2\/media\/16500"}],"wp:attachment":[{"href":"https:\/\/rezekne.citro.lv\/ru\/wp-json\/wp\/v2\/media?parent=44495"}],"wp:term":[{"taxonomy":"product_cat","embeddable":true,"href":"https:\/\/rezekne.citro.lv\/ru\/wp-json\/wp\/v2\/product_cat?post=44495"},{"taxonomy":"product_tag","embeddable":true,"href":"https:\/\/rezekne.citro.lv\/ru\/wp-json\/wp\/v2\/product_tag?post=44495"}],"curies":[{"name":"wp","href":"https:\/\/api.w.org\/{rel}","templated":true}]}}