{"id":44509,"date":"2025-09-11T06:37:45","date_gmt":"2025-09-11T03:37:45","guid":{"rendered":"https:\/\/rezekne.citro.lv\/veikals\/pankukas-ar-kupinatu-galu-un-sieru-ekspresso-500g\/"},"modified":"2026-05-01T06:13:17","modified_gmt":"2026-05-01T03:13:17","slug":"pankukas-ar-kup-galu-un-sieru-ekspresso-500g","status":"publish","type":"product","link":"https:\/\/rezekne.citro.lv\/ru\/product\/pankukas-ar-kup-galu-un-sieru-ekspresso-500g\/","title":{"rendered":"PANK\u016aKAS AR K\u016aP.GA\u013bU UN SIERU EKSPRESSO 500G"},"content":{"rendered":"<p>Izcelsmes valsts: Latvija<\/p>\n","protected":false},"excerpt":{"rendered":"<p>4.98 \u20ac\/KG<\/p>\n","protected":false},"featured_media":44510,"template":"","meta":{"_acf_changed":false,"inline_featured_image":false},"product_cat":[231,232],"product_tag":[],"acf":[],"aioseo_notices":[],"_links":{"self":[{"href":"https:\/\/rezekne.citro.lv\/ru\/wp-json\/wp\/v2\/product\/44509"}],"collection":[{"href":"https:\/\/rezekne.citro.lv\/ru\/wp-json\/wp\/v2\/product"}],"about":[{"href":"https:\/\/rezekne.citro.lv\/ru\/wp-json\/wp\/v2\/types\/product"}],"wp:featuredmedia":[{"embeddable":true,"href":"https:\/\/rezekne.citro.lv\/ru\/wp-json\/wp\/v2\/media\/44510"}],"wp:attachment":[{"href":"https:\/\/rezekne.citro.lv\/ru\/wp-json\/wp\/v2\/media?parent=44509"}],"wp:term":[{"taxonomy":"product_cat","embeddable":true,"href":"https:\/\/rezekne.citro.lv\/ru\/wp-json\/wp\/v2\/product_cat?post=44509"},{"taxonomy":"product_tag","embeddable":true,"href":"https:\/\/rezekne.citro.lv\/ru\/wp-json\/wp\/v2\/product_tag?post=44509"}],"curies":[{"name":"wp","href":"https:\/\/api.w.org\/{rel}","templated":true}]}}