{"id":44906,"date":"2026-04-23T01:18:28","date_gmt":"2026-04-22T22:18:28","guid":{"rendered":"https:\/\/rezekne.citro.lv\/veikals\/bariba-suniem-darling-sausa-vista-darzeni-3kg\/"},"modified":"2026-05-01T06:25:20","modified_gmt":"2026-05-01T03:25:20","slug":"bariba-suniem-sausa-darling-ar-vistu-un-darzeniem-3kg","status":"publish","type":"product","link":"https:\/\/rezekne.citro.lv\/ru\/product\/bariba-suniem-sausa-darling-ar-vistu-un-darzeniem-3kg\/","title":{"rendered":"BAR\u012aBA SU\u0145IEM SAUS\u0100 DARLING AR VISTU UN D\u0100RZE\u0145IEM 3KG"},"content":{"rendered":"<p>Izcelsmes valsts: Ung\u0101rija<\/p>\n","protected":false},"excerpt":{"rendered":"<p>2.60 \u20ac\/KG<\/p>\n","protected":false},"featured_media":15965,"template":"","meta":{"_acf_changed":false,"inline_featured_image":false},"product_cat":[153,171],"product_tag":[],"acf":[],"aioseo_notices":[],"_links":{"self":[{"href":"https:\/\/rezekne.citro.lv\/ru\/wp-json\/wp\/v2\/product\/44906"}],"collection":[{"href":"https:\/\/rezekne.citro.lv\/ru\/wp-json\/wp\/v2\/product"}],"about":[{"href":"https:\/\/rezekne.citro.lv\/ru\/wp-json\/wp\/v2\/types\/product"}],"wp:featuredmedia":[{"embeddable":true,"href":"https:\/\/rezekne.citro.lv\/ru\/wp-json\/wp\/v2\/media\/15965"}],"wp:attachment":[{"href":"https:\/\/rezekne.citro.lv\/ru\/wp-json\/wp\/v2\/media?parent=44906"}],"wp:term":[{"taxonomy":"product_cat","embeddable":true,"href":"https:\/\/rezekne.citro.lv\/ru\/wp-json\/wp\/v2\/product_cat?post=44906"},{"taxonomy":"product_tag","embeddable":true,"href":"https:\/\/rezekne.citro.lv\/ru\/wp-json\/wp\/v2\/product_tag?post=44906"}],"curies":[{"name":"wp","href":"https:\/\/api.w.org\/{rel}","templated":true}]}}