{"id":44919,"date":"2025-12-04T01:03:15","date_gmt":"2025-12-03T23:03:15","guid":{"rendered":"https:\/\/rezekne.citro.lv\/veikals\/kafija-skistosa-jacobs-cronat-gold-100g\/"},"modified":"2026-04-03T12:01:39","modified_gmt":"2026-04-03T09:01:39","slug":"kafija-skistosa-jacobs-cronat-gold-100g","status":"publish","type":"product","link":"https:\/\/rezekne.citro.lv\/ru\/product\/kafija-skistosa-jacobs-cronat-gold-100g\/","title":{"rendered":"KAFIJA \u0160\u0136\u012aSTO\u0160\u0100 JACOBS CRONAT GOLD 100G"},"content":{"rendered":"<p>Izcelsmes valsts: V\u0101cija<\/p>\n","protected":false},"excerpt":{"rendered":"<p>49.90 \u20ac\/KG<\/p>\n","protected":false},"featured_media":68895,"template":"","meta":{"_acf_changed":false,"inline_featured_image":false},"product_cat":[142,179],"product_tag":[],"acf":[],"aioseo_notices":[],"_links":{"self":[{"href":"https:\/\/rezekne.citro.lv\/ru\/wp-json\/wp\/v2\/product\/44919"}],"collection":[{"href":"https:\/\/rezekne.citro.lv\/ru\/wp-json\/wp\/v2\/product"}],"about":[{"href":"https:\/\/rezekne.citro.lv\/ru\/wp-json\/wp\/v2\/types\/product"}],"wp:featuredmedia":[{"embeddable":true,"href":"https:\/\/rezekne.citro.lv\/ru\/wp-json\/wp\/v2\/media\/68895"}],"wp:attachment":[{"href":"https:\/\/rezekne.citro.lv\/ru\/wp-json\/wp\/v2\/media?parent=44919"}],"wp:term":[{"taxonomy":"product_cat","embeddable":true,"href":"https:\/\/rezekne.citro.lv\/ru\/wp-json\/wp\/v2\/product_cat?post=44919"},{"taxonomy":"product_tag","embeddable":true,"href":"https:\/\/rezekne.citro.lv\/ru\/wp-json\/wp\/v2\/product_tag?post=44919"}],"curies":[{"name":"wp","href":"https:\/\/api.w.org\/{rel}","templated":true}]}}