{"id":44945,"date":"2026-02-26T00:49:11","date_gmt":"2026-02-25T22:49:11","guid":{"rendered":"https:\/\/rezekne.citro.lv\/veikals\/gurki-tomati-marineti-asorti-680g-360g\/"},"modified":"2026-04-30T06:12:34","modified_gmt":"2026-04-30T03:12:34","slug":"darzenu-asorti-majas-gaume-kok-680g-360g","status":"publish","type":"product","link":"https:\/\/rezekne.citro.lv\/ru\/product\/darzenu-asorti-majas-gaume-kok-680g-360g\/","title":{"rendered":"D\u0100RZE\u0145U ASORTI M\u0100JAS GAUM\u0112 KOK 680G\/360G"},"content":{"rendered":"<p>Izcelsmes valsts: Ukraina<\/p>\n","protected":false},"excerpt":{"rendered":"<p>7.47 \u20ac\/KG<\/p>\n","protected":false},"featured_media":4871,"template":"","meta":{"_acf_changed":false,"inline_featured_image":false},"product_cat":[103,137],"product_tag":[],"acf":[],"aioseo_notices":[],"_links":{"self":[{"href":"https:\/\/rezekne.citro.lv\/ru\/wp-json\/wp\/v2\/product\/44945"}],"collection":[{"href":"https:\/\/rezekne.citro.lv\/ru\/wp-json\/wp\/v2\/product"}],"about":[{"href":"https:\/\/rezekne.citro.lv\/ru\/wp-json\/wp\/v2\/types\/product"}],"wp:featuredmedia":[{"embeddable":true,"href":"https:\/\/rezekne.citro.lv\/ru\/wp-json\/wp\/v2\/media\/4871"}],"wp:attachment":[{"href":"https:\/\/rezekne.citro.lv\/ru\/wp-json\/wp\/v2\/media?parent=44945"}],"wp:term":[{"taxonomy":"product_cat","embeddable":true,"href":"https:\/\/rezekne.citro.lv\/ru\/wp-json\/wp\/v2\/product_cat?post=44945"},{"taxonomy":"product_tag","embeddable":true,"href":"https:\/\/rezekne.citro.lv\/ru\/wp-json\/wp\/v2\/product_tag?post=44945"}],"curies":[{"name":"wp","href":"https:\/\/api.w.org\/{rel}","templated":true}]}}