{"id":44986,"date":"2025-12-06T00:03:41","date_gmt":"2025-12-05T22:03:41","guid":{"rendered":"https:\/\/rezekne.citro.lv\/veikals\/auzu-parslu-biezputra-herkuless-atri-pagatavojamaar-meza-og\/"},"modified":"2026-04-08T12:00:42","modified_gmt":"2026-04-08T09:00:42","slug":"parslas-auzu-biezputra-herkuless-ar-meza-ogu-gab-atri-pag-35g","status":"publish","type":"product","link":"https:\/\/rezekne.citro.lv\/ru\/product\/parslas-auzu-biezputra-herkuless-ar-meza-ogu-gab-atri-pag-35g\/","title":{"rendered":"P\u0100RSLAS AUZU BIEZPUTRA HERKULESS AR ME\u017dA OGU GAB.\u0100TRI PAG.35G"},"content":{"rendered":"<p>Izcelsmes valsts: Latvija<\/p>\n","protected":false},"excerpt":{"rendered":"<p>16.86 \u20ac\/KG<\/p>\n","protected":false},"featured_media":44987,"template":"","meta":{"_acf_changed":false,"inline_featured_image":false},"product_cat":[118,123],"product_tag":[],"acf":[],"aioseo_notices":[],"_links":{"self":[{"href":"https:\/\/rezekne.citro.lv\/ru\/wp-json\/wp\/v2\/product\/44986"}],"collection":[{"href":"https:\/\/rezekne.citro.lv\/ru\/wp-json\/wp\/v2\/product"}],"about":[{"href":"https:\/\/rezekne.citro.lv\/ru\/wp-json\/wp\/v2\/types\/product"}],"wp:featuredmedia":[{"embeddable":true,"href":"https:\/\/rezekne.citro.lv\/ru\/wp-json\/wp\/v2\/media\/44987"}],"wp:attachment":[{"href":"https:\/\/rezekne.citro.lv\/ru\/wp-json\/wp\/v2\/media?parent=44986"}],"wp:term":[{"taxonomy":"product_cat","embeddable":true,"href":"https:\/\/rezekne.citro.lv\/ru\/wp-json\/wp\/v2\/product_cat?post=44986"},{"taxonomy":"product_tag","embeddable":true,"href":"https:\/\/rezekne.citro.lv\/ru\/wp-json\/wp\/v2\/product_tag?post=44986"}],"curies":[{"name":"wp","href":"https:\/\/api.w.org\/{rel}","templated":true}]}}