{"id":45017,"date":"2026-03-26T00:04:51","date_gmt":"2026-03-25T22:04:51","guid":{"rendered":"https:\/\/rezekne.citro.lv\/veikals\/bariba-kakiem-dreamies-ar-vistu-60-gkarumi\/"},"modified":"2026-04-19T06:01:05","modified_gmt":"2026-04-19T03:01:05","slug":"bariba-kakiem-sausa-dreamies-gardumi-ar-vistu-60g","status":"publish","type":"product","link":"https:\/\/rezekne.citro.lv\/ru\/product\/bariba-kakiem-sausa-dreamies-gardumi-ar-vistu-60g\/","title":{"rendered":"BAR\u012aBA KA\u0136IEM SAUS\u0100 DREAMIES GARDUMI AR VISTU 60G"},"content":{"rendered":"<p>Izcelsmes valsts: Polija<\/p>\n","protected":false},"excerpt":{"rendered":"<p>31.50 \u20ac\/KG<\/p>\n","protected":false},"featured_media":17920,"template":"","meta":{"_acf_changed":false,"inline_featured_image":false},"product_cat":[153,154],"product_tag":[],"acf":[],"aioseo_notices":[],"_links":{"self":[{"href":"https:\/\/rezekne.citro.lv\/ru\/wp-json\/wp\/v2\/product\/45017"}],"collection":[{"href":"https:\/\/rezekne.citro.lv\/ru\/wp-json\/wp\/v2\/product"}],"about":[{"href":"https:\/\/rezekne.citro.lv\/ru\/wp-json\/wp\/v2\/types\/product"}],"wp:featuredmedia":[{"embeddable":true,"href":"https:\/\/rezekne.citro.lv\/ru\/wp-json\/wp\/v2\/media\/17920"}],"wp:attachment":[{"href":"https:\/\/rezekne.citro.lv\/ru\/wp-json\/wp\/v2\/media?parent=45017"}],"wp:term":[{"taxonomy":"product_cat","embeddable":true,"href":"https:\/\/rezekne.citro.lv\/ru\/wp-json\/wp\/v2\/product_cat?post=45017"},{"taxonomy":"product_tag","embeddable":true,"href":"https:\/\/rezekne.citro.lv\/ru\/wp-json\/wp\/v2\/product_tag?post=45017"}],"curies":[{"name":"wp","href":"https:\/\/api.w.org\/{rel}","templated":true}]}}