{"id":45106,"date":"2026-02-26T00:46:25","date_gmt":"2026-02-25T22:46:25","guid":{"rendered":"https:\/\/rezekne.citro.lv\/veikals\/nektars-cido-granatabolu-prisma-1l\/"},"modified":"2026-04-07T06:04:30","modified_gmt":"2026-04-07T03:04:30","slug":"nektars-cido-granatabolu-1l","status":"publish","type":"product","link":"https:\/\/rezekne.citro.lv\/ru\/product\/nektars-cido-granatabolu-1l\/","title":{"rendered":"NEKT\u0100RS CIDO GRAN\u0100T\u0100BOLU 1L"},"content":{"rendered":"<p>Izcelsmes valsts: Latvija<\/p>\n","protected":false},"excerpt":{"rendered":"<p>2.59 \u20ac\/L<\/p>\n","protected":false},"featured_media":45107,"template":"","meta":{"_acf_changed":false,"inline_featured_image":false},"product_cat":[106,124],"product_tag":[],"acf":[],"aioseo_notices":[],"_links":{"self":[{"href":"https:\/\/rezekne.citro.lv\/ru\/wp-json\/wp\/v2\/product\/45106"}],"collection":[{"href":"https:\/\/rezekne.citro.lv\/ru\/wp-json\/wp\/v2\/product"}],"about":[{"href":"https:\/\/rezekne.citro.lv\/ru\/wp-json\/wp\/v2\/types\/product"}],"wp:featuredmedia":[{"embeddable":true,"href":"https:\/\/rezekne.citro.lv\/ru\/wp-json\/wp\/v2\/media\/45107"}],"wp:attachment":[{"href":"https:\/\/rezekne.citro.lv\/ru\/wp-json\/wp\/v2\/media?parent=45106"}],"wp:term":[{"taxonomy":"product_cat","embeddable":true,"href":"https:\/\/rezekne.citro.lv\/ru\/wp-json\/wp\/v2\/product_cat?post=45106"},{"taxonomy":"product_tag","embeddable":true,"href":"https:\/\/rezekne.citro.lv\/ru\/wp-json\/wp\/v2\/product_tag?post=45106"}],"curies":[{"name":"wp","href":"https:\/\/api.w.org\/{rel}","templated":true}]}}