{"id":45131,"date":"2026-03-26T01:03:31","date_gmt":"2026-03-25T23:03:31","guid":{"rendered":"https:\/\/rezekne.citro.lv\/veikals\/deserts-rupjmaizes-kartojums-citro-150g\/"},"modified":"2026-05-05T06:11:31","modified_gmt":"2026-05-05T03:11:31","slug":"deserts-rupjmaizes-kartojums-citro-150g","status":"publish","type":"product","link":"https:\/\/rezekne.citro.lv\/ru\/product\/deserts-rupjmaizes-kartojums-citro-150g\/","title":{"rendered":"DESERTS RUPJMAIZES K\u0100RTOJUMS CITRO 150G"},"content":{"rendered":"<p>Izcelsmes valsts: Latvija<br \/>Sast\u0101vda\u013cas: rupjmaize 30%{RUDZU b\u012bdel\u0113tie milti, dzeramais \u016bdens,KVIE\u0160U milti, cukurs, Iesals rudzu ferment\u0113ts (sarkans) sausais(ferment\u0113ti RUDZI, uzlabot\u0101js (KVIE\u0160U glut\u0113ns, KVIE\u0160U milti, enz\u012bmi, antioksidants E300), sausais ieraugs (KVIE\u0160U milti, sk\u0101buma regul\u0113t\u0101js E330, KVIE\u0160U lipeklis, stabilizatori E516, E412; RUDZU milti, glikoze, augu tauki (palmu), sk\u0101buma regulators E262, cep\u0161anas fermenti (satur KVIE\u0160U miltus), svaigs maizes raugs,s\u0101ls,  \u0137imenes}:aug\u013cu pild\u012bjums ((cukurs; \u0101bolu biezenis; zemenes; \u016bdens; roz\u012bnes; avenes; mellenes; pl\u016bmes; glikozes-fruktozes s\u012brups; modific\u0113ta ciete; biezin\u0101t\u0101ji: pekt\u012bns (E440), ksant\u0101na sve\u0137i (E415), \u017eelena sve\u0137i (E418); sk\u0101be: citronsk\u0101be (E330); kr\u0101svielas: antoci\u0101ni (E163), karm\u012bni (E120); aromatiz\u0113t\u0101ji; konservants: k\u0101lija sorb\u0101ts (E202)): \u016bdens, konditorejas kr\u0113ms ar cukuru ((\u016bdens, piln\u012bgi hidrogen\u0113ta palmu kodolu e\u013c\u013ca25%, cukurs 12%, PIENA olbaltumvielas, emulgatori E472b, E322(SOJA), E 472e: stabiliz\u0113t\u0101ji: E460, E466, E340;aromatiz\u0113t\u0101js, kr\u0101sviela E160a)): putukr\u0113juma stabilizators((cukurs, dekstroze, m\u012bkst\u0101 SIERA pulveris(KR\u0112JUMA pulveris, PIENA pulveris, S\u016aKALU olbaltumvielas, SIERA pulveris, s\u0101ls, stabiliz\u0113t\u0101js E415)), modific\u0113ta ciete:E1414, \u017eelat\u012bns, aromatiz\u0113t\u0101js PIENA, sk\u0101buma regul\u0113t\u0101js E330, s\u0101ls )): cukurs. Uzglab\u0101\u0161anas temperat\u016bra+2-+6C  Inform\u0101cija par uzturv\u0113rt\u012bbu: 100 g produkta satur: ener\u0123\u0113tisk\u0101 v\u0113rt\u012bba 816 kJ \/ 194kcal; tauki 5.1g, tostarp pies\u0101tin\u0101t\u0101s tauksk\u0101bes 4.9g; og\u013chidr\u0101ti 32.7g, tostarp cukuri 19.4g; \u0161\u0137iedrvielas 1.5g; olbaltumvielas 3.5g; s\u0101ls 0.3g.<\/p>\n","protected":false},"excerpt":{"rendered":"<p>8.60 \u20ac\/KG<\/p>\n","protected":false},"featured_media":53243,"template":"","meta":{"_acf_changed":false,"inline_featured_image":false},"product_cat":[113,221],"product_tag":[],"acf":[],"aioseo_notices":[],"_links":{"self":[{"href":"https:\/\/rezekne.citro.lv\/ru\/wp-json\/wp\/v2\/product\/45131"}],"collection":[{"href":"https:\/\/rezekne.citro.lv\/ru\/wp-json\/wp\/v2\/product"}],"about":[{"href":"https:\/\/rezekne.citro.lv\/ru\/wp-json\/wp\/v2\/types\/product"}],"wp:featuredmedia":[{"embeddable":true,"href":"https:\/\/rezekne.citro.lv\/ru\/wp-json\/wp\/v2\/media\/53243"}],"wp:attachment":[{"href":"https:\/\/rezekne.citro.lv\/ru\/wp-json\/wp\/v2\/media?parent=45131"}],"wp:term":[{"taxonomy":"product_cat","embeddable":true,"href":"https:\/\/rezekne.citro.lv\/ru\/wp-json\/wp\/v2\/product_cat?post=45131"},{"taxonomy":"product_tag","embeddable":true,"href":"https:\/\/rezekne.citro.lv\/ru\/wp-json\/wp\/v2\/product_tag?post=45131"}],"curies":[{"name":"wp","href":"https:\/\/api.w.org\/{rel}","templated":true}]}}