{"id":45150,"date":"2026-03-26T00:49:13","date_gmt":"2026-03-25T22:49:13","guid":{"rendered":"https:\/\/rezekne.citro.lv\/veikals\/pelmeni-tradicionalie-majas-1kg-rgk\/"},"modified":"2026-04-01T06:11:09","modified_gmt":"2026-04-01T03:11:09","slug":"pelmeni-tradicionalie-majas-1kg-rgk","status":"publish","type":"product","link":"https:\/\/rezekne.citro.lv\/ru\/product\/pelmeni-tradicionalie-majas-1kg-rgk\/","title":{"rendered":"PELME\u0145I TRADICION\u0100LIE M\u0100JAS 1KG RGK"},"content":{"rendered":"<p>Izcelsmes valsts: Latvija<\/p>\n","protected":false},"excerpt":{"rendered":"<p>3.75 \u20ac\/KG<\/p>\n","protected":false},"featured_media":2853,"template":"","meta":{"_acf_changed":false,"inline_featured_image":false},"product_cat":[231,232],"product_tag":[],"acf":[],"aioseo_notices":[],"_links":{"self":[{"href":"https:\/\/rezekne.citro.lv\/ru\/wp-json\/wp\/v2\/product\/45150"}],"collection":[{"href":"https:\/\/rezekne.citro.lv\/ru\/wp-json\/wp\/v2\/product"}],"about":[{"href":"https:\/\/rezekne.citro.lv\/ru\/wp-json\/wp\/v2\/types\/product"}],"wp:featuredmedia":[{"embeddable":true,"href":"https:\/\/rezekne.citro.lv\/ru\/wp-json\/wp\/v2\/media\/2853"}],"wp:attachment":[{"href":"https:\/\/rezekne.citro.lv\/ru\/wp-json\/wp\/v2\/media?parent=45150"}],"wp:term":[{"taxonomy":"product_cat","embeddable":true,"href":"https:\/\/rezekne.citro.lv\/ru\/wp-json\/wp\/v2\/product_cat?post=45150"},{"taxonomy":"product_tag","embeddable":true,"href":"https:\/\/rezekne.citro.lv\/ru\/wp-json\/wp\/v2\/product_tag?post=45150"}],"curies":[{"name":"wp","href":"https:\/\/api.w.org\/{rel}","templated":true}]}}