{"id":45173,"date":"2025-06-19T15:45:49","date_gmt":"2025-06-19T12:45:49","guid":{"rendered":"https:\/\/rezekne.citro.lv\/veikals\/saldejums-majas-gotina-uz-kocina-120ml-75g\/"},"modified":"2025-07-31T10:57:54","modified_gmt":"2025-07-31T07:57:54","slug":"saldejums-majas-gotina-uz-kocina-120ml-75g","status":"publish","type":"product","link":"https:\/\/rezekne.citro.lv\/ru\/product\/saldejums-majas-gotina-uz-kocina-120ml-75g\/","title":{"rendered":"SALD\u0112JUMS M\u0100JAS GOTI\u0145A UZ KOCI\u0145A 120ML\/75G"},"content":{"rendered":"<p>Izcelsmes valsts: Lietuva<\/p>\n","protected":false},"excerpt":{"rendered":"<p>12.67 \u20ac\/KG<\/p>\n","protected":false},"featured_media":18380,"template":"","meta":{"_acf_changed":false,"inline_featured_image":false},"product_cat":[233,234],"product_tag":[],"acf":[],"aioseo_notices":[],"_links":{"self":[{"href":"https:\/\/rezekne.citro.lv\/ru\/wp-json\/wp\/v2\/product\/45173"}],"collection":[{"href":"https:\/\/rezekne.citro.lv\/ru\/wp-json\/wp\/v2\/product"}],"about":[{"href":"https:\/\/rezekne.citro.lv\/ru\/wp-json\/wp\/v2\/types\/product"}],"wp:featuredmedia":[{"embeddable":true,"href":"https:\/\/rezekne.citro.lv\/ru\/wp-json\/wp\/v2\/media\/18380"}],"wp:attachment":[{"href":"https:\/\/rezekne.citro.lv\/ru\/wp-json\/wp\/v2\/media?parent=45173"}],"wp:term":[{"taxonomy":"product_cat","embeddable":true,"href":"https:\/\/rezekne.citro.lv\/ru\/wp-json\/wp\/v2\/product_cat?post=45173"},{"taxonomy":"product_tag","embeddable":true,"href":"https:\/\/rezekne.citro.lv\/ru\/wp-json\/wp\/v2\/product_tag?post=45173"}],"curies":[{"name":"wp","href":"https:\/\/api.w.org\/{rel}","templated":true}]}}