{"id":45208,"date":"2026-03-26T01:19:16","date_gmt":"2026-03-25T23:19:16","guid":{"rendered":"https:\/\/rezekne.citro.lv\/?post_type=product&#038;p=45208"},"modified":"2026-04-20T12:00:13","modified_gmt":"2026-04-20T09:00:13","slug":"cepumi-drumstalu-300g","status":"publish","type":"product","link":"https:\/\/rezekne.citro.lv\/ru\/product\/cepumi-drumstalu-300g\/","title":{"rendered":"CEPUMI DRUMSTALU 300G"},"content":{"rendered":"<p>Izcelsmes valsts: Latvija<br \/>Sast\u0101vda\u013cas: KVIE\u0160U MILTI: margar\u012bns {augu e\u013c\u013ca (palmu, rap\u0161u, saulespu\u0137u, palmu kodolu tauki, kokosa tauki, piln\u012bb\u0101 hidrogen\u0113ti kokosa tauki, piln\u012bb\u0101 hidrogen\u0113ta rap\u0161u e\u013c\u013ca &#8212; main\u012bg\u0101 proporcij\u0101 ), \u016bdens, emulgatori: E471,E475, E476, E322; s\u0101ls , sk\u0101buma regul\u0113t\u0101js -citronsk\u0101be (E330), konservants &#8212; k\u0101lija sorb\u0101ts (E-202), arom\u0101tviela, p\u0101rtikas kr\u0101svielas: annato &#8212; E160b(i) un\/vai \u00df-karot\u012bns (E160-a). Produkts var satur\u0113t PIENU}: daudzaug\u013cu marmel\u0101de((\u0101bolu biezenis , cukurs, sk\u0101buma regul\u0113t\u0101js E330, E331, konservants E202,stabilizators E440, sint\u0113tiska kr\u0101sviela E124 &#8212; 118 mg\/kg): cukurs, OLAS, \u016bdens   Uzglab\u0101\u0161anas temperat\u016bra +20+25C Inform\u0101cija par uzturv\u0113rt\u012bbu: 100 g produkta satur: ener\u0123\u0113tisk\u0101 v\u0113rt\u012bba 1702 kJ \/ 406kcal; tauki 17.8g, tostarp pies\u0101tin\u0101t\u0101s tauksk\u0101bes 8.5g; og\u013chidr\u0101ti 55.5g, tostarp cukuri 24.3g; \u0161\u0137iedrvielas 1.7g; olbaltumvielas 5.1g; s\u0101ls 0.2g.<\/p>\n","protected":false},"excerpt":{"rendered":"<p>6.63 \u20ac\/KG<\/p>\n","protected":false},"featured_media":45263,"template":"","meta":{"_acf_changed":false,"inline_featured_image":false},"product_cat":[125,139],"product_tag":[],"acf":[],"aioseo_notices":[],"_links":{"self":[{"href":"https:\/\/rezekne.citro.lv\/ru\/wp-json\/wp\/v2\/product\/45208"}],"collection":[{"href":"https:\/\/rezekne.citro.lv\/ru\/wp-json\/wp\/v2\/product"}],"about":[{"href":"https:\/\/rezekne.citro.lv\/ru\/wp-json\/wp\/v2\/types\/product"}],"wp:featuredmedia":[{"embeddable":true,"href":"https:\/\/rezekne.citro.lv\/ru\/wp-json\/wp\/v2\/media\/45263"}],"wp:attachment":[{"href":"https:\/\/rezekne.citro.lv\/ru\/wp-json\/wp\/v2\/media?parent=45208"}],"wp:term":[{"taxonomy":"product_cat","embeddable":true,"href":"https:\/\/rezekne.citro.lv\/ru\/wp-json\/wp\/v2\/product_cat?post=45208"},{"taxonomy":"product_tag","embeddable":true,"href":"https:\/\/rezekne.citro.lv\/ru\/wp-json\/wp\/v2\/product_tag?post=45208"}],"curies":[{"name":"wp","href":"https:\/\/api.w.org\/{rel}","templated":true}]}}