{"id":45314,"date":"2021-01-28T09:01:42","date_gmt":"2021-01-28T07:01:42","guid":{"rendered":"https:\/\/rezekne.citro.lv\/?post_type=product&#038;p=45314"},"modified":"2021-02-11T00:04:37","modified_gmt":"2021-02-10T22:04:37","slug":"cukgalas-karbonade-atdzeseta-citro-500g","status":"publish","type":"product","link":"https:\/\/rezekne.citro.lv\/ru\/product\/cukgalas-karbonade-atdzeseta-citro-500g\/","title":{"rendered":"C\u016aKGA\u013bAS KARBON\u0100DE ATDZES\u0112TA CITRO 500G"},"content":{"rendered":"","protected":false},"excerpt":{"rendered":"<p>5.38\u20ac\/kg<\/p>\n","protected":false},"featured_media":45320,"template":"","meta":{"_acf_changed":false,"inline_featured_image":false},"product_cat":[135,190],"product_tag":[],"acf":[],"aioseo_notices":[],"_links":{"self":[{"href":"https:\/\/rezekne.citro.lv\/ru\/wp-json\/wp\/v2\/product\/45314"}],"collection":[{"href":"https:\/\/rezekne.citro.lv\/ru\/wp-json\/wp\/v2\/product"}],"about":[{"href":"https:\/\/rezekne.citro.lv\/ru\/wp-json\/wp\/v2\/types\/product"}],"wp:featuredmedia":[{"embeddable":true,"href":"https:\/\/rezekne.citro.lv\/ru\/wp-json\/wp\/v2\/media\/45320"}],"wp:attachment":[{"href":"https:\/\/rezekne.citro.lv\/ru\/wp-json\/wp\/v2\/media?parent=45314"}],"wp:term":[{"taxonomy":"product_cat","embeddable":true,"href":"https:\/\/rezekne.citro.lv\/ru\/wp-json\/wp\/v2\/product_cat?post=45314"},{"taxonomy":"product_tag","embeddable":true,"href":"https:\/\/rezekne.citro.lv\/ru\/wp-json\/wp\/v2\/product_tag?post=45314"}],"curies":[{"name":"wp","href":"https:\/\/api.w.org\/{rel}","templated":true}]}}