{"id":45364,"date":"2026-04-22T00:04:06","date_gmt":"2026-04-21T21:04:06","guid":{"rendered":"https:\/\/rezekne.citro.lv\/?post_type=product&#038;p=45364"},"modified":"2026-04-22T00:04:09","modified_gmt":"2026-04-21T21:04:09","slug":"biezpiena-placenisi-citro-360g","status":"publish","type":"product","link":"https:\/\/rezekne.citro.lv\/ru\/product\/biezpiena-placenisi-citro-360g\/","title":{"rendered":"BIEZPIENA PL\u0100CEN\u012a\u0160I CITRO 360G"},"content":{"rendered":"<p>Izcelsmes valsts: Latvija<br \/> Sast\u0101vda\u013cas: v\u0101jpiena biezpiens (t.s.0.5%) 43.3%: biezpiena masa t.s 4% 17.3%((PIENS, KR\u0112JUMS, t\u012brkult\u016bras bakt\u0113rijas,)):  KVIE\u0160U MILTI, cukurs, rafin\u0113ta saulespu\u0137u  e\u013c\u013ca:MANNA, OLAS, s\u0101ls Uzglab\u0101\u0161anas temperat\u016bra+2-+6C Inform\u0101cija par uzturv\u0113rt\u012bbu: 100 g produkta satur: ener\u0123\u0113tisk\u0101 v\u0113rt\u012bba 923 kJ \/ 219kcal; tauki 7g, tostarp pies\u0101tin\u0101t\u0101s tauksk\u0101bes 1.4g; og\u013chidr\u0101ti 26.1g, tostarp cukuri 11.8g; \u0161\u0137iedrvielas 0.8g; olbaltumvielas 12.6g; s\u0101ls 0.9g.<\/p>\n","protected":false},"excerpt":{"rendered":"<p>8.03 \u20ac\/KG<\/p>\n","protected":false},"featured_media":45366,"template":"","meta":{"_acf_changed":false,"inline_featured_image":false},"product_cat":[113,221],"product_tag":[],"acf":[],"aioseo_notices":[],"_links":{"self":[{"href":"https:\/\/rezekne.citro.lv\/ru\/wp-json\/wp\/v2\/product\/45364"}],"collection":[{"href":"https:\/\/rezekne.citro.lv\/ru\/wp-json\/wp\/v2\/product"}],"about":[{"href":"https:\/\/rezekne.citro.lv\/ru\/wp-json\/wp\/v2\/types\/product"}],"wp:featuredmedia":[{"embeddable":true,"href":"https:\/\/rezekne.citro.lv\/ru\/wp-json\/wp\/v2\/media\/45366"}],"wp:attachment":[{"href":"https:\/\/rezekne.citro.lv\/ru\/wp-json\/wp\/v2\/media?parent=45364"}],"wp:term":[{"taxonomy":"product_cat","embeddable":true,"href":"https:\/\/rezekne.citro.lv\/ru\/wp-json\/wp\/v2\/product_cat?post=45364"},{"taxonomy":"product_tag","embeddable":true,"href":"https:\/\/rezekne.citro.lv\/ru\/wp-json\/wp\/v2\/product_tag?post=45364"}],"curies":[{"name":"wp","href":"https:\/\/api.w.org\/{rel}","templated":true}]}}