{"id":45378,"date":"2026-04-09T00:17:54","date_gmt":"2026-04-08T21:17:54","guid":{"rendered":"https:\/\/rezekne.citro.lv\/?post_type=product&#038;p=45378"},"modified":"2026-04-09T00:17:58","modified_gmt":"2026-04-08T21:17:58","slug":"cepumi-smilsu-miklas-sokolades-300g","status":"publish","type":"product","link":"https:\/\/rezekne.citro.lv\/ru\/product\/cepumi-smilsu-miklas-sokolades-300g\/","title":{"rendered":"CEPUMI SMIL\u0160U M\u012aKLAS \u0160OKOL\u0100DES 300G"},"content":{"rendered":"<p>Izcelsmes valsts: Latvija<br \/>Sast\u0101vda\u013cas: KVIE\u0160U MILTI; margar\u012bns {augu e\u013c\u013ca (palmu, rap\u0161u, saulespu\u0137u, palmu kodolu tauki, kokosa tauki, piln\u012bb\u0101 hidrogen\u0113ti kokosa tauki, piln\u012bb\u0101 hidrogen\u0113ta rap\u0161u e\u013c\u013ca &#8212; main\u012bg\u0101 proporcij\u0101 ), \u016bdens, emulgatori: E471,E475, E476, E322; s\u0101ls , sk\u0101buma regul\u0113t\u0101js -citronsk\u0101be (E330), konservants &#8212; k\u0101lija sorb\u0101ts (E-202), arom\u0101tviela, p\u0101rtikas kr\u0101svielas: annato &#8212; E160b(i) un\/vai \u00df-karot\u012bns (E160-a). Produkts var satur\u0113t PIENU}: cukurs; saulespu\u0137u e\u013c\u013ca rafin\u0113ta; OLAS;\u016bdens; kakao pulveris alkaliz\u0113ts ar samazin\u0101tu tauku saturu 10-12%;Uzglab\u0101\u0161anas temperat\u016bra +20+25C Inform\u0101cija par uzturv\u0113rt\u012bbu: 100 g produkta satur: ener\u0123\u0113tisk\u0101 v\u0113rt\u012bba 1894 kJ \/ 453kcal; tauki 24.4g, tostarp pies\u0101tin\u0101t\u0101s tauksk\u0101bes 10.5g; og\u013chidr\u0101ti 50.7g, tostarp cukuri 14g; \u0161\u0137iedrvielas 2.6g; olbaltumvielas 6.4g; s\u0101ls 0.3g.<\/p>\n","protected":false},"excerpt":{"rendered":"<p>5.63 \u20ac\/KG<\/p>\n","protected":false},"featured_media":45381,"template":"","meta":{"_acf_changed":false,"inline_featured_image":false},"product_cat":[125,139],"product_tag":[],"acf":[],"aioseo_notices":[],"_links":{"self":[{"href":"https:\/\/rezekne.citro.lv\/ru\/wp-json\/wp\/v2\/product\/45378"}],"collection":[{"href":"https:\/\/rezekne.citro.lv\/ru\/wp-json\/wp\/v2\/product"}],"about":[{"href":"https:\/\/rezekne.citro.lv\/ru\/wp-json\/wp\/v2\/types\/product"}],"wp:featuredmedia":[{"embeddable":true,"href":"https:\/\/rezekne.citro.lv\/ru\/wp-json\/wp\/v2\/media\/45381"}],"wp:attachment":[{"href":"https:\/\/rezekne.citro.lv\/ru\/wp-json\/wp\/v2\/media?parent=45378"}],"wp:term":[{"taxonomy":"product_cat","embeddable":true,"href":"https:\/\/rezekne.citro.lv\/ru\/wp-json\/wp\/v2\/product_cat?post=45378"},{"taxonomy":"product_tag","embeddable":true,"href":"https:\/\/rezekne.citro.lv\/ru\/wp-json\/wp\/v2\/product_tag?post=45378"}],"curies":[{"name":"wp","href":"https:\/\/api.w.org\/{rel}","templated":true}]}}