{"id":45385,"date":"2026-04-09T00:17:54","date_gmt":"2026-04-08T21:17:54","guid":{"rendered":"https:\/\/rezekne.citro.lv\/?post_type=product&#038;p=45385"},"modified":"2026-05-17T15:00:20","modified_gmt":"2026-05-17T12:00:20","slug":"cepumi-smilsu-miklas-ar-kaneli-300g","status":"publish","type":"product","link":"https:\/\/rezekne.citro.lv\/ru\/product\/cepumi-smilsu-miklas-ar-kaneli-300g\/","title":{"rendered":"CEPUMI SMIL\u0160U M\u012aKLAS AR KAN\u0112LI 300G"},"content":{"rendered":"<p>Izcelsmes valsts: Latvija<br \/>Sast\u0101vda\u013cas: KVIE\u0160U MILTI;cukurs; margar\u012bns {augu e\u013c\u013ca (palmu, rap\u0161u, saulespu\u0137u, palmu kodolu tauki, kokosa tauki, piln\u012bb\u0101 hidrogen\u0113ti kokosa tauki, piln\u012bb\u0101 hidrogen\u0113ta rap\u0161u e\u013c\u013ca &#8212; main\u012bg\u0101 proporcij\u0101 ), \u016bdens, emulgatori: E471,E475, E476, E322; s\u0101ls , sk\u0101buma regul\u0113t\u0101js -citronsk\u0101be (E330), konservants &#8212; k\u0101lija sorb\u0101ts (E-202), arom\u0101tviela, p\u0101rtikas kr\u0101svielas: annato &#8212; E160b(i) un\/vai \u00df-karot\u012bns (E160-a). Produkts var satur\u0113t PIENU}: OLAS;kan\u0113lis 1.5%; cepamais pulveris((KVIE\u0160U milti,sk\u0101buma regul\u0113t\u0101js din\u0101trija difosf\u0101ts  E450i, n\u0101trija hidrogenkarbon\u0101tsE500ii));Uzglab\u0101\u0161anas temperat\u016bra +20+25C Inform\u0101cija par uzturv\u0113rt\u012bbu: 100 g produkta satur: ener\u0123\u0113tisk\u0101 v\u0113rt\u012bba 1856 kJ \/ 443kcal; tauki 20.7g, tostarp pies\u0101tin\u0101t\u0101s tauksk\u0101bes 9.8g; og\u013chidr\u0101ti 57.3g, tostarp cukuri 24.8g; \u0161\u0137iedrvielas 2.6g; olbaltumvielas 5.6g; s\u0101ls 0.4g.<\/p>\n","protected":false},"excerpt":{"rendered":"<p>6.63 \u20ac\/KG<\/p>\n","protected":false},"featured_media":45386,"template":"","meta":{"_acf_changed":false,"inline_featured_image":false},"product_cat":[125,139],"product_tag":[],"acf":[],"aioseo_notices":[],"_links":{"self":[{"href":"https:\/\/rezekne.citro.lv\/ru\/wp-json\/wp\/v2\/product\/45385"}],"collection":[{"href":"https:\/\/rezekne.citro.lv\/ru\/wp-json\/wp\/v2\/product"}],"about":[{"href":"https:\/\/rezekne.citro.lv\/ru\/wp-json\/wp\/v2\/types\/product"}],"wp:featuredmedia":[{"embeddable":true,"href":"https:\/\/rezekne.citro.lv\/ru\/wp-json\/wp\/v2\/media\/45386"}],"wp:attachment":[{"href":"https:\/\/rezekne.citro.lv\/ru\/wp-json\/wp\/v2\/media?parent=45385"}],"wp:term":[{"taxonomy":"product_cat","embeddable":true,"href":"https:\/\/rezekne.citro.lv\/ru\/wp-json\/wp\/v2\/product_cat?post=45385"},{"taxonomy":"product_tag","embeddable":true,"href":"https:\/\/rezekne.citro.lv\/ru\/wp-json\/wp\/v2\/product_tag?post=45385"}],"curies":[{"name":"wp","href":"https:\/\/api.w.org\/{rel}","templated":true}]}}