{"id":45404,"date":"2026-02-07T00:03:01","date_gmt":"2026-02-06T22:03:01","guid":{"rendered":"https:\/\/rezekne.citro.lv\/veikals\/lekon-smalkmaizite-maiga-gab\/"},"modified":"2026-02-07T00:03:07","modified_gmt":"2026-02-06T22:03:07","slug":"smalkmaizite-maiga-90g","status":"publish","type":"product","link":"https:\/\/rezekne.citro.lv\/ru\/product\/smalkmaizite-maiga-90g\/","title":{"rendered":"SMALKMAIZ\u012aTE MAIG\u0100 90G"},"content":{"rendered":"<p>Izcelsmes valsts: Latvija<br \/>Sast\u0101vda\u013cas: m\u012bkla{KVIE\u0160U MILTI: \u016bdens: margar\u012bns ((augu e\u013c\u013cas(palmu,rap\u0161u),\u016bdens,emulgatori(tauksk\u0101bju mono un diglicer\u012bdi,  tauksk\u0101bju un poliglicerina esteri, lecit\u012bns), s\u0101ls,sk\u0101buma regul\u0113t\u0101js E 330, konserv\u0101nts k\u0101lija sorb\u0101ts, arom\u0101ts, kr\u0101sviela 160b(i))): cukurs; saulespu\u0137u e\u013c\u013ca rafin\u0113ta;s\u0101ls: raugs sausais((raugs Saccharomyces cerevisiae ), emulgators: E491 )):  uzlabot\u0101js(KVIE\u0160U milti, fermenti, miltu apstr\u0101des l\u012bdzeklis:E300.Var satur\u0113t LIPEKLI saturo\u0161o, OLU, SOJASpupu, SEZAMA s\u0113klu produktu da\u013ci\u0146as)}:  \u016bdens, kaltkr\u0113ms((cukurs, modific\u0113ta ciete (kartupe\u013cu),PIENA s\u016bkalu  pulveris,palmu tauki,PIENA proteini, LAKTOZE, V\u0100JPIENA pulveris, biezin\u0101t\u0101js:E401; aromatiz\u0113t\u0101ji-vanil\u012bns ,dab\u012bga vani\u013ca, p\u0101rtikas kr\u0101svielas E160a, emulgatori(E450, E471), sk\u0101buma regul\u0113t\u0101ji E339, E516)):    saulespu\u0137u  e\u013c\u013ca  rafin\u0113ta,p\u016bdercukurs,cukurs ar vanil\u012bnu(cukurs 99.5%,aromatiz\u0113t\u0101js, etilvanil\u012bns): olu aizvietot\u0101js((KAZE\u012aNS (PIENA olbaltumvielas), sk\u0101buma regul\u0113t\u0101js (E450, E500), LAKTOZE))  Uzglab\u0101\u0161anas temperat\u016bra,+20-+25C  Inform\u0101cija par uzturv\u0113rt\u012bbu :100 g produkta satur: ener\u0123\u0113tisk\u0101 v\u0113rt\u012bba 1193 kJ \/ 284kcal; tauki 11.5g, tostarp pies\u0101tin\u0101t\u0101s tauksk\u0101bes 5.9g; og\u013chidr\u0101ti 39.8g, tostarp cukuri 11.1g; \u0161\u0137iedrvielas 1.6g; olbaltumvielas 4.6g; s\u0101ls 0.6g.<\/p>\n","protected":false},"excerpt":{"rendered":"<p>6.11 \u20ac\/KG<\/p>\n","protected":false},"featured_media":46063,"template":"","meta":{"_acf_changed":false,"inline_featured_image":false},"product_cat":[109,110],"product_tag":[],"acf":[],"aioseo_notices":[],"_links":{"self":[{"href":"https:\/\/rezekne.citro.lv\/ru\/wp-json\/wp\/v2\/product\/45404"}],"collection":[{"href":"https:\/\/rezekne.citro.lv\/ru\/wp-json\/wp\/v2\/product"}],"about":[{"href":"https:\/\/rezekne.citro.lv\/ru\/wp-json\/wp\/v2\/types\/product"}],"wp:featuredmedia":[{"embeddable":true,"href":"https:\/\/rezekne.citro.lv\/ru\/wp-json\/wp\/v2\/media\/46063"}],"wp:attachment":[{"href":"https:\/\/rezekne.citro.lv\/ru\/wp-json\/wp\/v2\/media?parent=45404"}],"wp:term":[{"taxonomy":"product_cat","embeddable":true,"href":"https:\/\/rezekne.citro.lv\/ru\/wp-json\/wp\/v2\/product_cat?post=45404"},{"taxonomy":"product_tag","embeddable":true,"href":"https:\/\/rezekne.citro.lv\/ru\/wp-json\/wp\/v2\/product_tag?post=45404"}],"curies":[{"name":"wp","href":"https:\/\/api.w.org\/{rel}","templated":true}]}}