{"id":45405,"date":"2026-04-23T00:46:48","date_gmt":"2026-04-22T21:46:48","guid":{"rendered":"https:\/\/rezekne.citro.lv\/veikals\/lekon-piradzins-buljona-70g\/"},"modified":"2026-05-11T12:00:32","modified_gmt":"2026-05-11T09:00:32","slug":"piradzins-buljona-citro-70g","status":"publish","type":"product","link":"https:\/\/rezekne.citro.lv\/ru\/product\/piradzins-buljona-citro-70g\/","title":{"rendered":"P\u012aR\u0100DZI\u0145\u0160 BULJONA CITRO 70G"},"content":{"rendered":"<p>Izcelsmes valsts: Latvija<br \/>Sast\u0101vda\u013cas: m\u012bkla{KVIE\u0160U MILTI, margar\u012bns k\u0101rtainaj\u0101m m\u012bkl\u0101m ((augu tauki (palmu e\u013c\u013ca), \u016bdens, rap\u0161u e\u013c\u013ca, emulgatori E471, E322; s\u0101ls, sk\u0101buma regul\u0113t\u0101js E330, dab\u012bgs aromatiz\u0113t\u0101js, kr\u0101sviela E160a.)), \u016bdens, OLAS, cukurs, eti\u0137is galda 9%, s\u0101ls}; ga\u013cas pild\u012bjums((malt\u0101 c\u016bkga\u013ca, s\u012bpoli,r\u012bvmaize balta (KVIE\u0160U MILTI, dzeramais \u016bdens, s\u0101ls, raugs):   s\u0101ls, saulespu\u0137u e\u013c\u013ca rafin\u0113ta , gar\u0161vielas)), \u016bdens;  olu aizvietot\u0101js((KAZE\u012aNS (PIENA olbaltumvielas), sk\u0101buma regul\u0113t\u0101js (E450, E500), LAKTOZE));  Uzglab\u0101\u0161anas temperat\u016bra,+20-+25C  Inform\u0101cija par uzturv\u0113rt\u012bbu: 100 g produkta satur: ener\u0123\u0113tisk\u0101 v\u0113rt\u012bba 1302 kJ \/ 312kcal; tauki 19.8g, tostarp pies\u0101tin\u0101t\u0101s tauksk\u0101bes 8.3g; og\u013chidr\u0101ti 25.6g, tostarp cukuri 1.1g; \u0161\u0137iedrvielas 1.5g; olbaltumvielas 7.2g; s\u0101ls 0.8g.<\/p>\n","protected":false},"excerpt":{"rendered":"<p>9.86 \u20ac\/KG<\/p>\n","protected":false},"featured_media":55969,"template":"","meta":{"_acf_changed":false,"inline_featured_image":false},"product_cat":[109,110],"product_tag":[],"acf":[],"aioseo_notices":[],"_links":{"self":[{"href":"https:\/\/rezekne.citro.lv\/ru\/wp-json\/wp\/v2\/product\/45405"}],"collection":[{"href":"https:\/\/rezekne.citro.lv\/ru\/wp-json\/wp\/v2\/product"}],"about":[{"href":"https:\/\/rezekne.citro.lv\/ru\/wp-json\/wp\/v2\/types\/product"}],"wp:featuredmedia":[{"embeddable":true,"href":"https:\/\/rezekne.citro.lv\/ru\/wp-json\/wp\/v2\/media\/55969"}],"wp:attachment":[{"href":"https:\/\/rezekne.citro.lv\/ru\/wp-json\/wp\/v2\/media?parent=45405"}],"wp:term":[{"taxonomy":"product_cat","embeddable":true,"href":"https:\/\/rezekne.citro.lv\/ru\/wp-json\/wp\/v2\/product_cat?post=45405"},{"taxonomy":"product_tag","embeddable":true,"href":"https:\/\/rezekne.citro.lv\/ru\/wp-json\/wp\/v2\/product_tag?post=45405"}],"curies":[{"name":"wp","href":"https:\/\/api.w.org\/{rel}","templated":true}]}}