{"id":45418,"date":"2021-02-22T11:23:44","date_gmt":"2021-02-22T09:23:44","guid":{"rendered":"https:\/\/rezekne.citro.lv\/veikals\/sipoli-gb-500g-2-sk-latvija\/"},"modified":"2021-06-08T10:09:31","modified_gmt":"2021-06-08T07:09:31","slug":"sipoli-gb-500g-2-sk-latvija","status":"publish","type":"product","link":"https:\/\/rezekne.citro.lv\/ru\/product\/sipoli-gb-500g-2-sk-latvija\/","title":{"rendered":"S\u012aPOLI GB (500G) 2.\u0160\u0136. LATVIJA"},"content":{"rendered":"","protected":false},"excerpt":{"rendered":"<p>0.34 \u20ac\/KG<\/p>\n","protected":false},"featured_media":45599,"template":"","meta":{"_acf_changed":false,"inline_featured_image":false},"product_cat":[97,99],"product_tag":[],"acf":[],"aioseo_notices":[],"_links":{"self":[{"href":"https:\/\/rezekne.citro.lv\/ru\/wp-json\/wp\/v2\/product\/45418"}],"collection":[{"href":"https:\/\/rezekne.citro.lv\/ru\/wp-json\/wp\/v2\/product"}],"about":[{"href":"https:\/\/rezekne.citro.lv\/ru\/wp-json\/wp\/v2\/types\/product"}],"wp:featuredmedia":[{"embeddable":true,"href":"https:\/\/rezekne.citro.lv\/ru\/wp-json\/wp\/v2\/media\/45599"}],"wp:attachment":[{"href":"https:\/\/rezekne.citro.lv\/ru\/wp-json\/wp\/v2\/media?parent=45418"}],"wp:term":[{"taxonomy":"product_cat","embeddable":true,"href":"https:\/\/rezekne.citro.lv\/ru\/wp-json\/wp\/v2\/product_cat?post=45418"},{"taxonomy":"product_tag","embeddable":true,"href":"https:\/\/rezekne.citro.lv\/ru\/wp-json\/wp\/v2\/product_tag?post=45418"}],"curies":[{"name":"wp","href":"https:\/\/api.w.org\/{rel}","templated":true}]}}