{"id":45647,"date":"2026-02-26T01:15:26","date_gmt":"2026-02-25T23:15:26","guid":{"rendered":"https:\/\/rezekne.citro.lv\/veikals\/karameles-ar-pildijumu-bim-bom-roshen-kg-osama\/"},"modified":"2026-04-16T06:29:40","modified_gmt":"2026-04-16T03:29:40","slug":"karameles-ar-pildijumu-bim-bom-roshen-kg","status":"publish","type":"product","link":"https:\/\/rezekne.citro.lv\/ru\/product\/karameles-ar-pildijumu-bim-bom-roshen-kg\/","title":{"rendered":"KARAMELES AR PILD\u012aJUMU BIM BOM ROSHEN KG"},"content":{"rendered":"<p>Izcelsmes valsts: Ukraina<br \/> Sast\u0101vs: cukurs, glikozes s\u012brups,cukurs,sk\u0101buma regul\u0113t\u0101ji(piensk\u0101be,citronsk\u0101be),augu sulu koncentr\u0101ti (0.3%):zemene,anan\u0101ss,bumbieris\u0101romatiz\u0113t\u0101ji(aug\u013cu-riekstu sald\u0113jums,anan\u0101ss,bumbieris,me\u017ea zemene),kr\u0101svielas(E163,E100,E160,E160a,E132),stabilizators (invert\u0101ze).Pild\u012bjums-18%.<\/p>\n","protected":false},"excerpt":{"rendered":"<p>4.99 \u20ac\/KG<\/p>\n","protected":false},"featured_media":45724,"template":"","meta":{"_acf_changed":false,"inline_featured_image":false},"product_cat":[125,201],"product_tag":[],"acf":[],"aioseo_notices":[],"_links":{"self":[{"href":"https:\/\/rezekne.citro.lv\/ru\/wp-json\/wp\/v2\/product\/45647"}],"collection":[{"href":"https:\/\/rezekne.citro.lv\/ru\/wp-json\/wp\/v2\/product"}],"about":[{"href":"https:\/\/rezekne.citro.lv\/ru\/wp-json\/wp\/v2\/types\/product"}],"wp:featuredmedia":[{"embeddable":true,"href":"https:\/\/rezekne.citro.lv\/ru\/wp-json\/wp\/v2\/media\/45724"}],"wp:attachment":[{"href":"https:\/\/rezekne.citro.lv\/ru\/wp-json\/wp\/v2\/media?parent=45647"}],"wp:term":[{"taxonomy":"product_cat","embeddable":true,"href":"https:\/\/rezekne.citro.lv\/ru\/wp-json\/wp\/v2\/product_cat?post=45647"},{"taxonomy":"product_tag","embeddable":true,"href":"https:\/\/rezekne.citro.lv\/ru\/wp-json\/wp\/v2\/product_tag?post=45647"}],"curies":[{"name":"wp","href":"https:\/\/api.w.org\/{rel}","templated":true}]}}