{"id":45765,"date":"2026-04-23T01:18:14","date_gmt":"2026-04-22T22:18:14","guid":{"rendered":"https:\/\/rezekne.citro.lv\/veikals\/merce-sojas-tumsa-chain-kwo-150ml-blik\/"},"modified":"2026-05-16T06:40:06","modified_gmt":"2026-05-16T03:40:06","slug":"merce-sojas-tumsa-chain-kwo-150ml-blik","status":"publish","type":"product","link":"https:\/\/rezekne.citro.lv\/ru\/product\/merce-sojas-tumsa-chain-kwo-150ml-blik\/","title":{"rendered":"M\u0112RCE SOJAS TUM\u0160\u0100 CHAIN KWO 150ML BLIK"},"content":{"rendered":"<p>Izcelsmes valsts: \u0136\u012bna<\/p>\n","protected":false},"excerpt":{"rendered":"<p>7.93 \u20ac\/L<\/p>\n","protected":false},"featured_media":47335,"template":"","meta":{"_acf_changed":false,"inline_featured_image":false},"product_cat":[116,208],"product_tag":[],"acf":[],"aioseo_notices":[],"_links":{"self":[{"href":"https:\/\/rezekne.citro.lv\/ru\/wp-json\/wp\/v2\/product\/45765"}],"collection":[{"href":"https:\/\/rezekne.citro.lv\/ru\/wp-json\/wp\/v2\/product"}],"about":[{"href":"https:\/\/rezekne.citro.lv\/ru\/wp-json\/wp\/v2\/types\/product"}],"wp:featuredmedia":[{"embeddable":true,"href":"https:\/\/rezekne.citro.lv\/ru\/wp-json\/wp\/v2\/media\/47335"}],"wp:attachment":[{"href":"https:\/\/rezekne.citro.lv\/ru\/wp-json\/wp\/v2\/media?parent=45765"}],"wp:term":[{"taxonomy":"product_cat","embeddable":true,"href":"https:\/\/rezekne.citro.lv\/ru\/wp-json\/wp\/v2\/product_cat?post=45765"},{"taxonomy":"product_tag","embeddable":true,"href":"https:\/\/rezekne.citro.lv\/ru\/wp-json\/wp\/v2\/product_tag?post=45765"}],"curies":[{"name":"wp","href":"https:\/\/api.w.org\/{rel}","templated":true}]}}