{"id":45889,"date":"2026-04-09T00:15:02","date_gmt":"2026-04-08T21:15:02","guid":{"rendered":"https:\/\/rezekne.citro.lv\/veikals\/lekon-cukgalas-kakla-gala-atdzeseta-kg\/"},"modified":"2026-04-13T18:00:18","modified_gmt":"2026-04-13T15:00:18","slug":"cukgalas-kakla-gala-atdzeseta-sver","status":"publish","type":"product","link":"https:\/\/rezekne.citro.lv\/ru\/product\/cukgalas-kakla-gala-atdzeseta-sver\/","title":{"rendered":"C\u016aKGA\u013bAS KAKLA GA\u013bA ATDZES\u0112TA SVER."},"content":{"rendered":"<p>Izcelsmes valsts: Latvija<br \/>Ra\u017eot\u0101js: SIA Lekon, Varo\u0146u iela 36b, R\u0113zekne  Audz\u0113ts:Nokauts: Ga\u013cas sadales datums:  Partijas Nr. C-   -LV  Uzglab\u0101t pie temperat\u016bras 0+4C<\/p>\n","protected":false},"excerpt":{"rendered":"<p>6.19 \u20ac\/KG<\/p>\n","protected":false},"featured_media":46145,"template":"","meta":{"_acf_changed":false,"inline_featured_image":false},"product_cat":[135,190],"product_tag":[],"acf":[],"aioseo_notices":[],"_links":{"self":[{"href":"https:\/\/rezekne.citro.lv\/ru\/wp-json\/wp\/v2\/product\/45889"}],"collection":[{"href":"https:\/\/rezekne.citro.lv\/ru\/wp-json\/wp\/v2\/product"}],"about":[{"href":"https:\/\/rezekne.citro.lv\/ru\/wp-json\/wp\/v2\/types\/product"}],"wp:featuredmedia":[{"embeddable":true,"href":"https:\/\/rezekne.citro.lv\/ru\/wp-json\/wp\/v2\/media\/46145"}],"wp:attachment":[{"href":"https:\/\/rezekne.citro.lv\/ru\/wp-json\/wp\/v2\/media?parent=45889"}],"wp:term":[{"taxonomy":"product_cat","embeddable":true,"href":"https:\/\/rezekne.citro.lv\/ru\/wp-json\/wp\/v2\/product_cat?post=45889"},{"taxonomy":"product_tag","embeddable":true,"href":"https:\/\/rezekne.citro.lv\/ru\/wp-json\/wp\/v2\/product_tag?post=45889"}],"curies":[{"name":"wp","href":"https:\/\/api.w.org\/{rel}","templated":true}]}}