{"id":45906,"date":"2026-03-12T00:16:12","date_gmt":"2026-03-11T22:16:12","guid":{"rendered":"https:\/\/rezekne.citro.lv\/veikals\/cezara-salati-ar-vistas-fileju-citro-130g\/"},"modified":"2026-04-30T06:12:41","modified_gmt":"2026-04-30T03:12:41","slug":"cezara-salati-ar-vistas-fileju-citro-130g","status":"publish","type":"product","link":"https:\/\/rezekne.citro.lv\/ru\/product\/cezara-salati-ar-vistas-fileju-citro-130g\/","title":{"rendered":"C\u0112ZARA SAL\u0100TI AR VISTAS FILEJU CITRO 130G"},"content":{"rendered":"<p>Izcelsmes valsts: Latvija<br \/>Sast\u0101vda\u013cas:sal\u0101tlapas; vistas fileja cepta 19.2%(vistas fileja,saulespu\u0137u e\u013c\u013ca rafin\u0113ta, s\u0101ls gar\u0161vielas): m\u0113rce c\u0113zara19.2% ((\u016bdens, rap\u0161u e\u013c\u013ca, cukurs,s\u0101ls, modific\u0113ta ciete,  V\u0100JPIENA pulveris, SINEPJU pulveris, SIERA aromatiz\u0113t\u0101js(satur S\u016aKALUun SIERA pulverus, gar\u0161as pastiprin\u0101t\u0101jus E621, E631), SIERS (PIENS, ieraugs), OLU dzeltenuma pulveris,  \u0137iploki, s\u012bpoli, biezin\u0101t\u0101js(modific\u0113ta kukur\u016bzas un kartupe\u013cu ciete, ksant\u0101na sve\u0137i ,gu\u0101ra sve\u0137i), Vor\u010desteras m\u0113rce(\u016bdens, spirta eti\u0137is, cukurs,s\u0101ls, v\u012bns, pl\u016bmju biezenis, gar\u0161vielas, kr\u0101sviela E150c, tom\u0101tu pulveris, aromatiz\u0113t\u0101ji, \u010dili un \u0137iploku ekstrakti),  gar\u0161vielas, sk\u0101buma regul\u0113t\u0101ji (eti\u0137sk\u0101be, piensk\u0101be), konservants (E202).Var satur\u0113t niec\u012bgas ZEMESRIEKSTU dali\u0146as)): tom\u0101ti; siers (PIENS, p\u0101rtikas s\u0101ls, piensk\u0101bo bakt\u0113riju ieraugs, recin\u0101\u0161anas ferments ): grauzdi\u0146i{kvie\u0161u formas maize (( KVIE\u0160U milti 62.5%, \u016bdens dzeramais, cukurs, rap\u0161u e\u013c\u013ca, s\u0101ls, svaigs maizes raugs, uzlabot\u0101js (RUDZU milti, KVIE\u0160U milti, miltu apstr\u0101des l\u012bdzeklis: E300, fermenti, inaktiv\u0113ts raugs,KVIE\u0160U ciete)): rap\u0161u e\u013c\u013ca:  \u0137ikloki;baziliks;s\u0101ls}. Uzglab\u0101\u0161anas temperat\u016bra,+2-+6C Inform\u0101cija par uzturv\u0113rt\u012bbu :100 g produkta satur: ener\u0123\u0113tisk\u0101 v\u0113rt\u012bba 551 kJ \/ 132kcal; tauki 8g, tostarp pies\u0101tin\u0101t\u0101s tauksk\u0101bes 1.5g; og\u013chidr\u0101ti 6.5g, tostarp cukuri 1.7g; \u0161\u0137iedrvielas 0.9g; olbaltumvielas 8.1g; s\u0101ls 0.7g.<\/p>\n","protected":false},"excerpt":{"rendered":"<p>17.62 \u20ac\/KG<\/p>\n","protected":false},"featured_media":53094,"template":"","meta":{"_acf_changed":false,"inline_featured_image":false},"product_cat":[113,212],"product_tag":[],"acf":[],"aioseo_notices":[],"_links":{"self":[{"href":"https:\/\/rezekne.citro.lv\/ru\/wp-json\/wp\/v2\/product\/45906"}],"collection":[{"href":"https:\/\/rezekne.citro.lv\/ru\/wp-json\/wp\/v2\/product"}],"about":[{"href":"https:\/\/rezekne.citro.lv\/ru\/wp-json\/wp\/v2\/types\/product"}],"wp:featuredmedia":[{"embeddable":true,"href":"https:\/\/rezekne.citro.lv\/ru\/wp-json\/wp\/v2\/media\/53094"}],"wp:attachment":[{"href":"https:\/\/rezekne.citro.lv\/ru\/wp-json\/wp\/v2\/media?parent=45906"}],"wp:term":[{"taxonomy":"product_cat","embeddable":true,"href":"https:\/\/rezekne.citro.lv\/ru\/wp-json\/wp\/v2\/product_cat?post=45906"},{"taxonomy":"product_tag","embeddable":true,"href":"https:\/\/rezekne.citro.lv\/ru\/wp-json\/wp\/v2\/product_tag?post=45906"}],"curies":[{"name":"wp","href":"https:\/\/api.w.org\/{rel}","templated":true}]}}