{"id":45907,"date":"2026-04-23T01:04:33","date_gmt":"2026-04-22T22:04:33","guid":{"rendered":"https:\/\/rezekne.citro.lv\/veikals\/maizes-zupa-ar-zavetiem-augliem-citro-200g\/"},"modified":"2026-05-04T09:00:31","modified_gmt":"2026-05-04T06:00:31","slug":"deserts-maizes-zupa-ar-zavetiem-augliem-citro-200g","status":"publish","type":"product","link":"https:\/\/rezekne.citro.lv\/ru\/product\/deserts-maizes-zupa-ar-zavetiem-augliem-citro-200g\/","title":{"rendered":"DESERTS MAIZES ZUPA AR \u017d\u0100V\u0112TIEM AUG\u013bIEM CITRO 200G"},"content":{"rendered":"<p>Izcelsmes valsts: Latvija<br \/>Sast\u0101vda\u013cas: \u016bdens, \u0101boli, rupjmaize 10.5% { rupjie RUDZU milti,\u016bdens dzeramais,  milti RUDZU skrot\u0113tie,KVIE\u0160U milti , melase, cukurs, svaigs maizes raugs, Iesals rudzu ferment\u0113ts (sarkans) sausais(ferment\u0113ti RUDZI),uzlabot\u0101js (KVIE\u0160U glut\u0113ns, KVIE\u0160U milti, enz\u012bmi, antioksidants E300), sausais ieraugs((KVIE\u0160U milti, sk\u0101buma regul\u0113t\u0101jsE330, KVIE\u0160U lipeklis, stabilizatori E516, E412, RUDZU milti, glikoze, augu tauki (palmu), sk\u0101buma regulatorsE262, cep\u0161anas fermenti (satur KVIE\u0160U miltus)), s\u0101ls,  \u0137imenes}; konditorejas kr\u0113ms ar cukuru((\u016bdens, piln\u012bgi hidrogen\u0113ta palmu kodolu e\u013c\u013ca25%, cukurs 12%, PIENA olbaltumvielas, emulgatori E472b, E322(SOJA), E 472e; stabiliz\u0113t\u0101ji: E460, E466, E340;aromatiz\u0113t\u0101js, kr\u0101sviela E160a)); cukurs, roz\u012bnes5.4%(roz\u012bnes 99.5%, saulespu\u0137u e\u013c\u013ca, konservants:S\u0112RA DIOKS\u012aDS):aprikozes \u017e\u0101v\u0113tas4%((\u017e\u0101v\u0113tas aprikozes ,S\u0112RA DIOKS\u012aDS E220)):    kan\u0113lis; citronsk\u0101be E330. Uzglab\u0101\u0161anas temperat\u016bra+2-+6C  Inform\u0101cija par uzturv\u0113rt\u012bbu: 100 g produkta satur: ener\u0123\u0113tisk\u0101 v\u0113rt\u012bba 534 kJ \/ 127kcal; tauki 3g, tostarp pies\u0101tin\u0101t\u0101s tauksk\u0101bes 2.7g; og\u013chidr\u0101ti 23g, tostarp cukuri 15.8g; \u0161\u0137iedrvielas 1.4g; olbaltumvielas 1.2g; s\u0101ls 0.1g.<\/p>\n","protected":false},"excerpt":{"rendered":"<p>6.95 \u20ac\/KG<\/p>\n","protected":false},"featured_media":53732,"template":"","meta":{"_acf_changed":false,"inline_featured_image":false},"product_cat":[113,221],"product_tag":[],"acf":[],"aioseo_notices":[],"_links":{"self":[{"href":"https:\/\/rezekne.citro.lv\/ru\/wp-json\/wp\/v2\/product\/45907"}],"collection":[{"href":"https:\/\/rezekne.citro.lv\/ru\/wp-json\/wp\/v2\/product"}],"about":[{"href":"https:\/\/rezekne.citro.lv\/ru\/wp-json\/wp\/v2\/types\/product"}],"wp:featuredmedia":[{"embeddable":true,"href":"https:\/\/rezekne.citro.lv\/ru\/wp-json\/wp\/v2\/media\/53732"}],"wp:attachment":[{"href":"https:\/\/rezekne.citro.lv\/ru\/wp-json\/wp\/v2\/media?parent=45907"}],"wp:term":[{"taxonomy":"product_cat","embeddable":true,"href":"https:\/\/rezekne.citro.lv\/ru\/wp-json\/wp\/v2\/product_cat?post=45907"},{"taxonomy":"product_tag","embeddable":true,"href":"https:\/\/rezekne.citro.lv\/ru\/wp-json\/wp\/v2\/product_tag?post=45907"}],"curies":[{"name":"wp","href":"https:\/\/api.w.org\/{rel}","templated":true}]}}