{"id":45916,"date":"2026-03-12T00:17:22","date_gmt":"2026-03-11T22:17:22","guid":{"rendered":"https:\/\/rezekne.citro.lv\/veikals\/lekon-medus-torte-800gr\/"},"modified":"2026-04-22T06:41:49","modified_gmt":"2026-04-22T03:41:49","slug":"torte-medus-citro-800g","status":"publish","type":"product","link":"https:\/\/rezekne.citro.lv\/ru\/product\/torte-medus-citro-800g\/","title":{"rendered":"TORTE MEDUS CITRO  800G"},"content":{"rendered":"<p>Izcelsmes valsts: Latvija<br \/>Sast\u0101vda\u013cas:KVIE\u0160U MILTI: sk\u0101bais izstr\u0101d\u0101jums20%((V\u0100JPIENS, piena tauku aizvietot\u0101js 18%(augu e\u013c\u013cas(palmu, rap\u0161u), emulgatorsE 471, aromatiz\u0113t\u0101js, kr\u0101sviela-annato), SALDAIS KR\u0112JUMS, SAUSAIS  V\u0100JPIENS, modific\u0113t\u0101 kukur\u016bzas ciete, ieraugs)): \u017eelejveida konfektes asorti((cukurs, glikozes s\u012brups,\u016bdens, cietin\u0101t\u0101js (pekt\u012bns) , sk\u0101buma regul\u0113t\u0101js-citronsk\u0101be, kr\u0101svielas:(dab\u012bgas piedevas:oran\u017e\u0101-beta karot\u012bns, sarkan\u0101-upe\u0146u un melno burk\u0101nu sulu koncentr\u0101ts, za\u013c\u0101-hlorof\u012bls, dzelten\u0101- saflora ziedu ekstrakts, aromatiz\u0113t\u0101ji:\u0101bols, citrons, apels\u012bns, barbele)):OLAS:  konditorejas kr\u0113ms ar cukuru ((\u016bdens, piln\u012bgi hidrogen\u0113ta palmu kodolu e\u013c\u013ca25%, cukurs 12%, PIENA olbaltumvielas, emulgatori E472b, E322(SOJA), E 472e; stabiliz\u0113t\u0101ji: E460, E466, E340;aromatiz\u0113t\u0101js, kr\u0101sviela E160a)):medus m\u0101ksl\u012bgais((glikozes-fruktozes s\u012brups, \u016bdens, cukurs,p\u0101rtikas kr\u0101sviela-amonija karamele ,  sk\u0101buma regul\u0113t\u0101js-citronsk\u0101be, medus arom\u0101ts)): margar\u012bns {augu e\u013c\u013ca (palmu, rap\u0161u, saulespu\u0137u, palmu kodolu tauki, kokosa tauki, piln\u012bb\u0101 hidrogen\u0113ti kokosa tauki, piln\u012bb\u0101 hidrogen\u0113ta rap\u0161u e\u013c\u013ca &#8212; main\u012bg\u0101 proporcij\u0101 ), \u016bdens, emulgatori: E471,E475, E476, E322; s\u0101ls , sk\u0101buma regul\u0113t\u0101js -citronsk\u0101be (E330), konservants &#8212; k\u0101lija sorb\u0101ts (E-202), arom\u0101tviela, p\u0101rtikas kr\u0101svielas: annato &#8212; E160b(i) un\/vai \u00df-karot\u012bns (E160-a). Produkts var satur\u0113t PIENU}:\u016bdens: soda dzeram\u0101:vafe\u013cu dekori{p\u016bdercukurs(cukurs): margar\u012bns {augu e\u013c\u013ca (palmu, rap\u0161u, saulespu\u0137u, palmu kodolu tauki, kokosa tauki, piln\u012bb\u0101 hidrogen\u0113ti kokosa tauki, piln\u012bb\u0101 hidrogen\u0113ta rap\u0161u e\u013c\u013ca &#8212; main\u012bg\u0101 proporcij\u0101 ), \u016bdens, emulgatori: E471,E475, E476, E322; s\u0101ls , sk\u0101buma regul\u0113t\u0101js -citronsk\u0101be (E330), konservants &#8212; k\u0101lija sorb\u0101ts (E-202), arom\u0101tviela, p\u0101rtikas kr\u0101svielas: annato &#8212; E160b(i) un\/vai \u00df-karot\u012bns (E160-a). Produkts var satur\u0113t PIENU}:OLAS:KVIE\u0160U MILTI :alkaliz\u0113ts kakao ar samazin\u0101tu tauku saturu 10-12%}: dz\u0113rvenes:galda eti\u0137is: Uzglab\u0101\u0161anas temperat\u016bra,+2-+6C  Inform\u0101cija par uzturv\u0113rt\u012bbu: 100 g produkta satur: ener\u0123\u0113tisk\u0101 v\u0113rt\u012bba 1316 kJ \/ 313kcal; tauki 11g, tostarp pies\u0101tin\u0101t\u0101s tauksk\u0101bes 6.1g; og\u013chidr\u0101ti 48.4g, tostarp cukuri 28.2g; \u0161\u0137iedrvielas 1g; olbaltumvielas 4.6g; s\u0101ls 0.1g.<\/p>\n","protected":false},"excerpt":{"rendered":"<p>9.74 \u20ac\/KG<\/p>\n","protected":false},"featured_media":53237,"template":"","meta":{"_acf_changed":false,"inline_featured_image":false},"product_cat":[109,220],"product_tag":[],"acf":[],"aioseo_notices":[],"_links":{"self":[{"href":"https:\/\/rezekne.citro.lv\/ru\/wp-json\/wp\/v2\/product\/45916"}],"collection":[{"href":"https:\/\/rezekne.citro.lv\/ru\/wp-json\/wp\/v2\/product"}],"about":[{"href":"https:\/\/rezekne.citro.lv\/ru\/wp-json\/wp\/v2\/types\/product"}],"wp:featuredmedia":[{"embeddable":true,"href":"https:\/\/rezekne.citro.lv\/ru\/wp-json\/wp\/v2\/media\/53237"}],"wp:attachment":[{"href":"https:\/\/rezekne.citro.lv\/ru\/wp-json\/wp\/v2\/media?parent=45916"}],"wp:term":[{"taxonomy":"product_cat","embeddable":true,"href":"https:\/\/rezekne.citro.lv\/ru\/wp-json\/wp\/v2\/product_cat?post=45916"},{"taxonomy":"product_tag","embeddable":true,"href":"https:\/\/rezekne.citro.lv\/ru\/wp-json\/wp\/v2\/product_tag?post=45916"}],"curies":[{"name":"wp","href":"https:\/\/api.w.org\/{rel}","templated":true}]}}