{"id":46080,"date":"2026-02-26T01:04:18","date_gmt":"2026-02-25T23:04:18","guid":{"rendered":"https:\/\/rezekne.citro.lv\/veikals\/olivella-borges-extra-virgin-500ml\/"},"modified":"2026-03-19T06:12:56","modified_gmt":"2026-03-19T04:12:56","slug":"olivella-borges-extra-virgin-500ml","status":"publish","type":"product","link":"https:\/\/rezekne.citro.lv\/ru\/product\/olivella-borges-extra-virgin-500ml\/","title":{"rendered":"OL\u012aVE\u013b\u013bA BORGES EXTRA VIRGIN 500ML"},"content":{"rendered":"<p>Izcelsmes valsts: Sp\u0101nija<\/p>\n","protected":false},"excerpt":{"rendered":"<p>27.18 \u20ac\/L<\/p>\n","protected":false},"featured_media":46136,"template":"","meta":{"_acf_changed":false,"inline_featured_image":false},"product_cat":[116,164],"product_tag":[],"acf":[],"aioseo_notices":[],"_links":{"self":[{"href":"https:\/\/rezekne.citro.lv\/ru\/wp-json\/wp\/v2\/product\/46080"}],"collection":[{"href":"https:\/\/rezekne.citro.lv\/ru\/wp-json\/wp\/v2\/product"}],"about":[{"href":"https:\/\/rezekne.citro.lv\/ru\/wp-json\/wp\/v2\/types\/product"}],"wp:featuredmedia":[{"embeddable":true,"href":"https:\/\/rezekne.citro.lv\/ru\/wp-json\/wp\/v2\/media\/46136"}],"wp:attachment":[{"href":"https:\/\/rezekne.citro.lv\/ru\/wp-json\/wp\/v2\/media?parent=46080"}],"wp:term":[{"taxonomy":"product_cat","embeddable":true,"href":"https:\/\/rezekne.citro.lv\/ru\/wp-json\/wp\/v2\/product_cat?post=46080"},{"taxonomy":"product_tag","embeddable":true,"href":"https:\/\/rezekne.citro.lv\/ru\/wp-json\/wp\/v2\/product_tag?post=46080"}],"curies":[{"name":"wp","href":"https:\/\/api.w.org\/{rel}","templated":true}]}}