{"id":46082,"date":"2024-12-07T00:10:55","date_gmt":"2024-12-06T22:10:55","guid":{"rendered":"https:\/\/rezekne.citro.lv\/veikals\/broilera-skinki-bez-kaula-bez-adas-kg-rgk\/"},"modified":"2024-12-16T15:00:25","modified_gmt":"2024-12-16T13:00:25","slug":"broilera-skinki-bez-kaula-bez-adas-kg-rgk","status":"publish","type":"product","link":"https:\/\/rezekne.citro.lv\/ru\/product\/broilera-skinki-bez-kaula-bez-adas-kg-rgk\/","title":{"rendered":"BROILERA \u0160\u0136I\u0145\u0136I BEZ KAULA, BEZ \u0100DAS KG RGK"},"content":{"rendered":"<p>Izcelsmes valsts: Polija<\/p>\n","protected":false},"excerpt":{"rendered":"<p>6.29 \u20ac\/KG<\/p>\n","protected":false},"featured_media":46142,"template":"","meta":{"_acf_changed":false,"inline_featured_image":false},"product_cat":[135,190],"product_tag":[],"acf":[],"aioseo_notices":[],"_links":{"self":[{"href":"https:\/\/rezekne.citro.lv\/ru\/wp-json\/wp\/v2\/product\/46082"}],"collection":[{"href":"https:\/\/rezekne.citro.lv\/ru\/wp-json\/wp\/v2\/product"}],"about":[{"href":"https:\/\/rezekne.citro.lv\/ru\/wp-json\/wp\/v2\/types\/product"}],"wp:featuredmedia":[{"embeddable":true,"href":"https:\/\/rezekne.citro.lv\/ru\/wp-json\/wp\/v2\/media\/46142"}],"wp:attachment":[{"href":"https:\/\/rezekne.citro.lv\/ru\/wp-json\/wp\/v2\/media?parent=46082"}],"wp:term":[{"taxonomy":"product_cat","embeddable":true,"href":"https:\/\/rezekne.citro.lv\/ru\/wp-json\/wp\/v2\/product_cat?post=46082"},{"taxonomy":"product_tag","embeddable":true,"href":"https:\/\/rezekne.citro.lv\/ru\/wp-json\/wp\/v2\/product_tag?post=46082"}],"curies":[{"name":"wp","href":"https:\/\/api.w.org\/{rel}","templated":true}]}}