{"id":46201,"date":"2026-03-26T00:47:32","date_gmt":"2026-03-25T22:47:32","guid":{"rendered":"https:\/\/rezekne.citro.lv\/veikals\/laima-karam-auglu-ogu-95g\/"},"modified":"2026-05-01T12:00:38","modified_gmt":"2026-05-01T09:00:38","slug":"laima-karam-auglu-ogu-95g","status":"publish","type":"product","link":"https:\/\/rezekne.citro.lv\/ru\/product\/laima-karam-auglu-ogu-95g\/","title":{"rendered":"LAIMA KARAM. AUG\u013bU OGU 95G"},"content":{"rendered":"<p>Izcelsmes valsts: Igaunija<br \/>Sast\u0101vs:glikozes s\u012brups,cukurs,sk\u0101buma regul\u0113t\u0101js citronsk\u0101be,aromatiz\u0113t\u0101ji,melna burk\u0101na sulas koncentr\u0101ts,v\u012bnogu sulas koncentr\u0101ts-0,02%,kr\u0101svielas(paprikas ekstrakts,hlorofil\u012bnu vara kompleksi),apels\u012bnu e\u013c\u013ca-0,01%. 100g produkta satur:ener\u0123\u0113tisk\u0101 v\u0113rt\u012bba-1615kJ\/380kcal,tauki-0g,tostarp pies\u0101tin\u0101t\u0101s tauksk\u0101bes-0g,og\u013chidr\u0101ti-95g,tostarp cukuri-61g,olbaltumvielas-0g,s\u0101ls-0,01g. Uzglab\u0101t saus\u0101 un v\u0113s\u0101 viet\u0101 +18 &#8212; +3C.Ra\u017eots:Latvija<\/p>\n","protected":false},"excerpt":{"rendered":"<p>16.74 \u20ac\/KG<\/p>\n","protected":false},"featured_media":46202,"template":"","meta":{"_acf_changed":false,"inline_featured_image":false},"product_cat":[125,201],"product_tag":[],"acf":[],"aioseo_notices":[],"_links":{"self":[{"href":"https:\/\/rezekne.citro.lv\/ru\/wp-json\/wp\/v2\/product\/46201"}],"collection":[{"href":"https:\/\/rezekne.citro.lv\/ru\/wp-json\/wp\/v2\/product"}],"about":[{"href":"https:\/\/rezekne.citro.lv\/ru\/wp-json\/wp\/v2\/types\/product"}],"wp:featuredmedia":[{"embeddable":true,"href":"https:\/\/rezekne.citro.lv\/ru\/wp-json\/wp\/v2\/media\/46202"}],"wp:attachment":[{"href":"https:\/\/rezekne.citro.lv\/ru\/wp-json\/wp\/v2\/media?parent=46201"}],"wp:term":[{"taxonomy":"product_cat","embeddable":true,"href":"https:\/\/rezekne.citro.lv\/ru\/wp-json\/wp\/v2\/product_cat?post=46201"},{"taxonomy":"product_tag","embeddable":true,"href":"https:\/\/rezekne.citro.lv\/ru\/wp-json\/wp\/v2\/product_tag?post=46201"}],"curies":[{"name":"wp","href":"https:\/\/api.w.org\/{rel}","templated":true}]}}