{"id":46225,"date":"2026-03-26T01:15:25","date_gmt":"2026-03-25T23:15:25","guid":{"rendered":"https:\/\/rezekne.citro.lv\/veikals\/batonins-pilngraudu-nestle-fitness-sokolades-23-5g\/"},"modified":"2026-04-11T06:40:38","modified_gmt":"2026-04-11T03:40:38","slug":"batonins-pilngraudu-nestle-fitness-sokolades-23-5g","status":"publish","type":"product","link":"https:\/\/rezekne.citro.lv\/ru\/product\/batonins-pilngraudu-nestle-fitness-sokolades-23-5g\/","title":{"rendered":"BATONI\u0145\u0160 PILNGRAUDU NESTLE FITNESS \u0160OKOL\u0100DES 23.5G"},"content":{"rendered":"<p>Izcelsmes valsts: Polija<\/p>\n","protected":false},"excerpt":{"rendered":"<p>16.25 \u20ac\/KG<\/p>\n","protected":false},"featured_media":46226,"template":"","meta":{"_acf_changed":false,"inline_featured_image":false},"product_cat":[125,126],"product_tag":[],"acf":[],"aioseo_notices":[],"_links":{"self":[{"href":"https:\/\/rezekne.citro.lv\/ru\/wp-json\/wp\/v2\/product\/46225"}],"collection":[{"href":"https:\/\/rezekne.citro.lv\/ru\/wp-json\/wp\/v2\/product"}],"about":[{"href":"https:\/\/rezekne.citro.lv\/ru\/wp-json\/wp\/v2\/types\/product"}],"wp:featuredmedia":[{"embeddable":true,"href":"https:\/\/rezekne.citro.lv\/ru\/wp-json\/wp\/v2\/media\/46226"}],"wp:attachment":[{"href":"https:\/\/rezekne.citro.lv\/ru\/wp-json\/wp\/v2\/media?parent=46225"}],"wp:term":[{"taxonomy":"product_cat","embeddable":true,"href":"https:\/\/rezekne.citro.lv\/ru\/wp-json\/wp\/v2\/product_cat?post=46225"},{"taxonomy":"product_tag","embeddable":true,"href":"https:\/\/rezekne.citro.lv\/ru\/wp-json\/wp\/v2\/product_tag?post=46225"}],"curies":[{"name":"wp","href":"https:\/\/api.w.org\/{rel}","templated":true}]}}