{"id":46260,"date":"2026-03-26T00:05:40","date_gmt":"2026-03-25T22:05:40","guid":{"rendered":"https:\/\/rezekne.citro.lv\/veikals\/saulespuku-seklas-y-e-s-stripainas-ceptas-150g\/"},"modified":"2026-04-16T06:01:14","modified_gmt":"2026-04-16T03:01:14","slug":"saulespuku-seklas-y-e-s-stripainas-ceptas-150g","status":"publish","type":"product","link":"https:\/\/rezekne.citro.lv\/ru\/product\/saulespuku-seklas-y-e-s-stripainas-ceptas-150g\/","title":{"rendered":"SAULESPU\u0136U S\u0112KLAS Y.E.S. STR\u012aPAINAS CEPTAS 150G"},"content":{"rendered":"<p>Izcelsmes valsts: Lietuva<\/p>\n","protected":false},"excerpt":{"rendered":"<p>8.60 \u20ac\/KG<\/p>\n","protected":false},"featured_media":77603,"template":"","meta":{"_acf_changed":false,"inline_featured_image":false},"product_cat":[125,197],"product_tag":[],"acf":[],"aioseo_notices":[],"_links":{"self":[{"href":"https:\/\/rezekne.citro.lv\/ru\/wp-json\/wp\/v2\/product\/46260"}],"collection":[{"href":"https:\/\/rezekne.citro.lv\/ru\/wp-json\/wp\/v2\/product"}],"about":[{"href":"https:\/\/rezekne.citro.lv\/ru\/wp-json\/wp\/v2\/types\/product"}],"wp:featuredmedia":[{"embeddable":true,"href":"https:\/\/rezekne.citro.lv\/ru\/wp-json\/wp\/v2\/media\/77603"}],"wp:attachment":[{"href":"https:\/\/rezekne.citro.lv\/ru\/wp-json\/wp\/v2\/media?parent=46260"}],"wp:term":[{"taxonomy":"product_cat","embeddable":true,"href":"https:\/\/rezekne.citro.lv\/ru\/wp-json\/wp\/v2\/product_cat?post=46260"},{"taxonomy":"product_tag","embeddable":true,"href":"https:\/\/rezekne.citro.lv\/ru\/wp-json\/wp\/v2\/product_tag?post=46260"}],"curies":[{"name":"wp","href":"https:\/\/api.w.org\/{rel}","templated":true}]}}