{"id":46262,"date":"2026-04-23T01:15:28","date_gmt":"2026-04-22T22:15:28","guid":{"rendered":"https:\/\/rezekne.citro.lv\/veikals\/saulespuku-seklas-yes-strip-ar-krejuma-un-sipolu-g-150g\/"},"modified":"2026-05-04T06:27:09","modified_gmt":"2026-05-04T03:27:09","slug":"saulespuku-seklas-yes-strip-ar-krejuma-un-sipolu-g-150g","status":"publish","type":"product","link":"https:\/\/rezekne.citro.lv\/ru\/product\/saulespuku-seklas-yes-strip-ar-krejuma-un-sipolu-g-150g\/","title":{"rendered":"SAULESPU\u0136U S\u0112KLAS YES STR\u012aP. AR KR\u0112JUMA UN S\u012aPOLU G. 150G"},"content":{"rendered":"<p>Izcelsmes valsts: Lietuva<\/p>\n","protected":false},"excerpt":{"rendered":"<p>8.60 \u20ac\/KG<\/p>\n","protected":false},"featured_media":46263,"template":"","meta":{"_acf_changed":false,"inline_featured_image":false},"product_cat":[125,197],"product_tag":[],"acf":[],"aioseo_notices":[],"_links":{"self":[{"href":"https:\/\/rezekne.citro.lv\/ru\/wp-json\/wp\/v2\/product\/46262"}],"collection":[{"href":"https:\/\/rezekne.citro.lv\/ru\/wp-json\/wp\/v2\/product"}],"about":[{"href":"https:\/\/rezekne.citro.lv\/ru\/wp-json\/wp\/v2\/types\/product"}],"wp:featuredmedia":[{"embeddable":true,"href":"https:\/\/rezekne.citro.lv\/ru\/wp-json\/wp\/v2\/media\/46263"}],"wp:attachment":[{"href":"https:\/\/rezekne.citro.lv\/ru\/wp-json\/wp\/v2\/media?parent=46262"}],"wp:term":[{"taxonomy":"product_cat","embeddable":true,"href":"https:\/\/rezekne.citro.lv\/ru\/wp-json\/wp\/v2\/product_cat?post=46262"},{"taxonomy":"product_tag","embeddable":true,"href":"https:\/\/rezekne.citro.lv\/ru\/wp-json\/wp\/v2\/product_tag?post=46262"}],"curies":[{"name":"wp","href":"https:\/\/api.w.org\/{rel}","templated":true}]}}