{"id":46302,"date":"2026-04-23T01:31:01","date_gmt":"2026-04-22T22:31:01","guid":{"rendered":"https:\/\/rezekne.citro.lv\/veikals\/buljons-galina-blanca-vistas-ar-dillem-un-petersiliem-8x10g\/"},"modified":"2026-05-01T06:25:39","modified_gmt":"2026-05-01T03:25:39","slug":"buljons-galina-blanca-vistas-ar-dillem-un-petersiliem-8x10g","status":"publish","type":"product","link":"https:\/\/rezekne.citro.lv\/ru\/product\/buljons-galina-blanca-vistas-ar-dillem-un-petersiliem-8x10g\/","title":{"rendered":"BULJONS GALINA BLANCA VISTAS AR DILL\u0112M UN P\u0112TERS\u012a\u013bIEM 8X10G"},"content":{"rendered":"<p>Izcelsmes valsts: Sp\u0101nija<\/p>\n","protected":false},"excerpt":{"rendered":"<p>9.63 \u20ac\/KG<\/p>\n","protected":false},"featured_media":3198,"template":"","meta":{"_acf_changed":false,"inline_featured_image":false},"product_cat":[111,112],"product_tag":[],"acf":[],"aioseo_notices":[],"_links":{"self":[{"href":"https:\/\/rezekne.citro.lv\/ru\/wp-json\/wp\/v2\/product\/46302"}],"collection":[{"href":"https:\/\/rezekne.citro.lv\/ru\/wp-json\/wp\/v2\/product"}],"about":[{"href":"https:\/\/rezekne.citro.lv\/ru\/wp-json\/wp\/v2\/types\/product"}],"wp:featuredmedia":[{"embeddable":true,"href":"https:\/\/rezekne.citro.lv\/ru\/wp-json\/wp\/v2\/media\/3198"}],"wp:attachment":[{"href":"https:\/\/rezekne.citro.lv\/ru\/wp-json\/wp\/v2\/media?parent=46302"}],"wp:term":[{"taxonomy":"product_cat","embeddable":true,"href":"https:\/\/rezekne.citro.lv\/ru\/wp-json\/wp\/v2\/product_cat?post=46302"},{"taxonomy":"product_tag","embeddable":true,"href":"https:\/\/rezekne.citro.lv\/ru\/wp-json\/wp\/v2\/product_tag?post=46302"}],"curies":[{"name":"wp","href":"https:\/\/api.w.org\/{rel}","templated":true}]}}