{"id":46309,"date":"2026-03-26T01:18:14","date_gmt":"2026-03-25T23:18:14","guid":{"rendered":"https:\/\/rezekne.citro.lv\/veikals\/sokolades-tafele-milka-ar-riekstiem-250g\/"},"modified":"2026-05-13T06:28:06","modified_gmt":"2026-05-13T03:28:06","slug":"sokolades-tafele-milka-ar-riekstiem-250g","status":"publish","type":"product","link":"https:\/\/rezekne.citro.lv\/ru\/product\/sokolades-tafele-milka-ar-riekstiem-250g\/","title":{"rendered":"\u0160OKOL\u0100DES T\u0100FELE MILKA AR RIEKSTIEM 250G"},"content":{"rendered":"<p>Izcelsmes valsts: Austrija<\/p>\n","protected":false},"excerpt":{"rendered":"<p>23.96 \u20ac\/KG<\/p>\n","protected":false},"featured_media":46310,"template":"","meta":{"_acf_changed":false,"inline_featured_image":false},"product_cat":[125,134],"product_tag":[],"acf":[],"aioseo_notices":[],"_links":{"self":[{"href":"https:\/\/rezekne.citro.lv\/ru\/wp-json\/wp\/v2\/product\/46309"}],"collection":[{"href":"https:\/\/rezekne.citro.lv\/ru\/wp-json\/wp\/v2\/product"}],"about":[{"href":"https:\/\/rezekne.citro.lv\/ru\/wp-json\/wp\/v2\/types\/product"}],"wp:featuredmedia":[{"embeddable":true,"href":"https:\/\/rezekne.citro.lv\/ru\/wp-json\/wp\/v2\/media\/46310"}],"wp:attachment":[{"href":"https:\/\/rezekne.citro.lv\/ru\/wp-json\/wp\/v2\/media?parent=46309"}],"wp:term":[{"taxonomy":"product_cat","embeddable":true,"href":"https:\/\/rezekne.citro.lv\/ru\/wp-json\/wp\/v2\/product_cat?post=46309"},{"taxonomy":"product_tag","embeddable":true,"href":"https:\/\/rezekne.citro.lv\/ru\/wp-json\/wp\/v2\/product_tag?post=46309"}],"curies":[{"name":"wp","href":"https:\/\/api.w.org\/{rel}","templated":true}]}}