{"id":46330,"date":"2026-04-23T00:48:39","date_gmt":"2026-04-22T21:48:39","guid":{"rendered":"https:\/\/rezekne.citro.lv\/veikals\/lazdu-rieksti-piena-sokolade-laima-140g\/"},"modified":"2026-05-07T06:26:01","modified_gmt":"2026-05-07T03:26:01","slug":"lazdu-rieksti-piena-sokolade-laima-140g","status":"publish","type":"product","link":"https:\/\/rezekne.citro.lv\/ru\/product\/lazdu-rieksti-piena-sokolade-laima-140g\/","title":{"rendered":"LAZDU RIEKSTI PIENA \u0160OKOL\u0100D\u0112 LAIMA 140G"},"content":{"rendered":"<p>Izcelsmes valsts: Igaunija<\/p>\n","protected":false},"excerpt":{"rendered":"<p>27.07 \u20ac\/KG<\/p>\n","protected":false},"featured_media":31013,"template":"","meta":{"_acf_changed":false,"inline_featured_image":false},"product_cat":[125,207],"product_tag":[],"acf":[],"aioseo_notices":[],"_links":{"self":[{"href":"https:\/\/rezekne.citro.lv\/ru\/wp-json\/wp\/v2\/product\/46330"}],"collection":[{"href":"https:\/\/rezekne.citro.lv\/ru\/wp-json\/wp\/v2\/product"}],"about":[{"href":"https:\/\/rezekne.citro.lv\/ru\/wp-json\/wp\/v2\/types\/product"}],"wp:featuredmedia":[{"embeddable":true,"href":"https:\/\/rezekne.citro.lv\/ru\/wp-json\/wp\/v2\/media\/31013"}],"wp:attachment":[{"href":"https:\/\/rezekne.citro.lv\/ru\/wp-json\/wp\/v2\/media?parent=46330"}],"wp:term":[{"taxonomy":"product_cat","embeddable":true,"href":"https:\/\/rezekne.citro.lv\/ru\/wp-json\/wp\/v2\/product_cat?post=46330"},{"taxonomy":"product_tag","embeddable":true,"href":"https:\/\/rezekne.citro.lv\/ru\/wp-json\/wp\/v2\/product_tag?post=46330"}],"curies":[{"name":"wp","href":"https:\/\/api.w.org\/{rel}","templated":true}]}}