{"id":46348,"date":"2026-04-23T01:18:05","date_gmt":"2026-04-22T22:18:05","guid":{"rendered":"https:\/\/rezekne.citro.lv\/veikals\/garsv-galai-pikanta-santa-maria-20g\/"},"modified":"2026-05-08T06:40:08","modified_gmt":"2026-05-08T03:40:08","slug":"garsv-galai-pikanta-santa-maria-20g","status":"publish","type":"product","link":"https:\/\/rezekne.citro.lv\/ru\/product\/garsv-galai-pikanta-santa-maria-20g\/","title":{"rendered":"GAR\u0160V. GA\u013bAI PIKANT\u0100 SANTA MARIA 20G"},"content":{"rendered":"<p>Izcelsmes valsts: Igaunija<\/p>\n","protected":false},"excerpt":{"rendered":"<p>37.50 \u20ac\/KG<\/p>\n","protected":false},"featured_media":31643,"template":"","meta":{"_acf_changed":false,"inline_featured_image":false},"product_cat":[116,165],"product_tag":[],"acf":[],"aioseo_notices":[],"_links":{"self":[{"href":"https:\/\/rezekne.citro.lv\/ru\/wp-json\/wp\/v2\/product\/46348"}],"collection":[{"href":"https:\/\/rezekne.citro.lv\/ru\/wp-json\/wp\/v2\/product"}],"about":[{"href":"https:\/\/rezekne.citro.lv\/ru\/wp-json\/wp\/v2\/types\/product"}],"wp:featuredmedia":[{"embeddable":true,"href":"https:\/\/rezekne.citro.lv\/ru\/wp-json\/wp\/v2\/media\/31643"}],"wp:attachment":[{"href":"https:\/\/rezekne.citro.lv\/ru\/wp-json\/wp\/v2\/media?parent=46348"}],"wp:term":[{"taxonomy":"product_cat","embeddable":true,"href":"https:\/\/rezekne.citro.lv\/ru\/wp-json\/wp\/v2\/product_cat?post=46348"},{"taxonomy":"product_tag","embeddable":true,"href":"https:\/\/rezekne.citro.lv\/ru\/wp-json\/wp\/v2\/product_tag?post=46348"}],"curies":[{"name":"wp","href":"https:\/\/api.w.org\/{rel}","templated":true}]}}