{"id":46352,"date":"2026-04-23T01:18:59","date_gmt":"2026-04-22T22:18:59","guid":{"rendered":"https:\/\/rezekne.citro.lv\/veikals\/sok-taf-milka-peanut-caramel-276g\/"},"modified":"2026-05-08T06:40:18","modified_gmt":"2026-05-08T03:40:18","slug":"sok-taf-milka-peanut-caramel-276g","status":"publish","type":"product","link":"https:\/\/rezekne.citro.lv\/ru\/product\/sok-taf-milka-peanut-caramel-276g\/","title":{"rendered":"\u0160OK.T\u0100F. MILKA PEANUT CARAMEL 276G"},"content":{"rendered":"<p>Izcelsmes valsts: Bulg\u0101rija<\/p>\n","protected":false},"excerpt":{"rendered":"<p>16.63 \u20ac\/KG<\/p>\n","protected":false},"featured_media":46353,"template":"","meta":{"_acf_changed":false,"inline_featured_image":false},"product_cat":[125,134],"product_tag":[],"acf":[],"aioseo_notices":[],"_links":{"self":[{"href":"https:\/\/rezekne.citro.lv\/ru\/wp-json\/wp\/v2\/product\/46352"}],"collection":[{"href":"https:\/\/rezekne.citro.lv\/ru\/wp-json\/wp\/v2\/product"}],"about":[{"href":"https:\/\/rezekne.citro.lv\/ru\/wp-json\/wp\/v2\/types\/product"}],"wp:featuredmedia":[{"embeddable":true,"href":"https:\/\/rezekne.citro.lv\/ru\/wp-json\/wp\/v2\/media\/46353"}],"wp:attachment":[{"href":"https:\/\/rezekne.citro.lv\/ru\/wp-json\/wp\/v2\/media?parent=46352"}],"wp:term":[{"taxonomy":"product_cat","embeddable":true,"href":"https:\/\/rezekne.citro.lv\/ru\/wp-json\/wp\/v2\/product_cat?post=46352"},{"taxonomy":"product_tag","embeddable":true,"href":"https:\/\/rezekne.citro.lv\/ru\/wp-json\/wp\/v2\/product_tag?post=46352"}],"curies":[{"name":"wp","href":"https:\/\/api.w.org\/{rel}","templated":true}]}}