{"id":46358,"date":"2026-03-26T01:03:39","date_gmt":"2026-03-25T23:03:39","guid":{"rendered":"https:\/\/rezekne.citro.lv\/veikals\/cukgalas-krutina-auksti-kupinata-150g-biovela\/"},"modified":"2026-04-16T06:28:05","modified_gmt":"2026-04-16T03:28:05","slug":"cukgalas-krutina-auksti-kupinata-150g-biovela","status":"publish","type":"product","link":"https:\/\/rezekne.citro.lv\/ru\/product\/cukgalas-krutina-auksti-kupinata-150g-biovela\/","title":{"rendered":"C\u016aKGA\u013bAS KR\u016aTI\u0145A AUKSTI K\u016aPIN\u0100TA 150G BIOVELA"},"content":{"rendered":"<p>Izcelsmes valsts: Lietuva<\/p>\n","protected":false},"excerpt":{"rendered":"<p>15.27 \u20ac\/KG<\/p>\n","protected":false},"featured_media":46395,"template":"","meta":{"_acf_changed":false,"inline_featured_image":false},"product_cat":[135,174],"product_tag":[],"acf":[],"aioseo_notices":[],"_links":{"self":[{"href":"https:\/\/rezekne.citro.lv\/ru\/wp-json\/wp\/v2\/product\/46358"}],"collection":[{"href":"https:\/\/rezekne.citro.lv\/ru\/wp-json\/wp\/v2\/product"}],"about":[{"href":"https:\/\/rezekne.citro.lv\/ru\/wp-json\/wp\/v2\/types\/product"}],"wp:featuredmedia":[{"embeddable":true,"href":"https:\/\/rezekne.citro.lv\/ru\/wp-json\/wp\/v2\/media\/46395"}],"wp:attachment":[{"href":"https:\/\/rezekne.citro.lv\/ru\/wp-json\/wp\/v2\/media?parent=46358"}],"wp:term":[{"taxonomy":"product_cat","embeddable":true,"href":"https:\/\/rezekne.citro.lv\/ru\/wp-json\/wp\/v2\/product_cat?post=46358"},{"taxonomy":"product_tag","embeddable":true,"href":"https:\/\/rezekne.citro.lv\/ru\/wp-json\/wp\/v2\/product_tag?post=46358"}],"curies":[{"name":"wp","href":"https:\/\/api.w.org\/{rel}","templated":true}]}}