{"id":46650,"date":"2026-04-09T00:17:54","date_gmt":"2026-04-08T21:17:54","guid":{"rendered":"https:\/\/rezekne.citro.lv\/veikals\/konfektes-migle-kg\/"},"modified":"2026-04-11T06:42:24","modified_gmt":"2026-04-11T03:42:24","slug":"konfektes-migle-kg","status":"publish","type":"product","link":"https:\/\/rezekne.citro.lv\/ru\/product\/konfektes-migle-kg\/","title":{"rendered":"KONFEKTES MIGLE KG"},"content":{"rendered":"<p>Izcelsmes valsts: Lietuva<br \/>Sast\u0101vs: cukurs,kartupe\u013cu \u010dipsi(kartupe\u013ci,palmu e\u013c\u013ca),augu tauki(palmu,\u0161\u012b),s\u016bkalu pulveris(no PIENA),kakao pulveris ar samazin\u0101tu tauku saturu,dekstroze,vafe\u013cu kripati\u0146as (KVIE\u0160U,milti,kartupe\u013cu ciete,rap\u0161u e\u013c\u013ca,emulgators(SOJAS lecit\u012bns)irdin\u0101t\u0101ji (E500,E503),p\u0101rtikas s\u0101ls),emulgatori(SOJAS lecit\u012bns,E476,saulespu\u0137u lecit\u012bns,)aromatiz\u0113t\u0101ji.VAR SATUR\u0112T ZEMESRIEKSTUS,CITUS RIEKSTUS UN OLAS.<\/p>\n","protected":false},"excerpt":{"rendered":"<p>8.49 \u20ac\/KG<\/p>\n","protected":false},"featured_media":47254,"template":"","meta":{"_acf_changed":false,"inline_featured_image":false},"product_cat":[125,201],"product_tag":[],"acf":[],"aioseo_notices":[],"_links":{"self":[{"href":"https:\/\/rezekne.citro.lv\/ru\/wp-json\/wp\/v2\/product\/46650"}],"collection":[{"href":"https:\/\/rezekne.citro.lv\/ru\/wp-json\/wp\/v2\/product"}],"about":[{"href":"https:\/\/rezekne.citro.lv\/ru\/wp-json\/wp\/v2\/types\/product"}],"wp:featuredmedia":[{"embeddable":true,"href":"https:\/\/rezekne.citro.lv\/ru\/wp-json\/wp\/v2\/media\/47254"}],"wp:attachment":[{"href":"https:\/\/rezekne.citro.lv\/ru\/wp-json\/wp\/v2\/media?parent=46650"}],"wp:term":[{"taxonomy":"product_cat","embeddable":true,"href":"https:\/\/rezekne.citro.lv\/ru\/wp-json\/wp\/v2\/product_cat?post=46650"},{"taxonomy":"product_tag","embeddable":true,"href":"https:\/\/rezekne.citro.lv\/ru\/wp-json\/wp\/v2\/product_tag?post=46650"}],"curies":[{"name":"wp","href":"https:\/\/api.w.org\/{rel}","templated":true}]}}