{"id":46651,"date":"2026-03-12T00:16:19","date_gmt":"2026-03-11T22:16:19","guid":{"rendered":"https:\/\/rezekne.citro.lv\/veikals\/cepumi-riekstini-citro-250g\/"},"modified":"2026-04-16T06:27:59","modified_gmt":"2026-04-16T03:27:59","slug":"cepumi-riekstini-citro-250g","status":"publish","type":"product","link":"https:\/\/rezekne.citro.lv\/ru\/product\/cepumi-riekstini-citro-250g\/","title":{"rendered":"CEPUMI RIEKSTI\u0145I  CITRO 250G"},"content":{"rendered":"<p>Izcelsmes valsts: Latvija<br \/>Sast\u0101vda\u013cas: v\u0101r\u012bts iebiezin\u0101t\u0101 piena pild\u012bjums ((cukurs, dzeramais \u016bdens, V\u0100JPIENA  pulveris, nehidrogen\u0113ti palmu tauki,  biezin\u0101t\u0101ji (kukur\u016bzas ciete, E509, karagin\u0101ns, pekt\u012bns), Ha-lakt\u0101zes ferments), konservants (sorb\u012bnsk\u0101be): KVIE\u0160U MILTI; margar\u012bns {augu e\u013c\u013ca (palmu, rap\u0161u, saulespu\u0137u, palmu kodolu tauki, kokosa tauki, piln\u012bb\u0101 hidrogen\u0113ti kokosa tauki, piln\u012bb\u0101 hidrogen\u0113ta rap\u0161u e\u013c\u013ca &#8212; main\u012bg\u0101 proporcij\u0101 ), \u016bdens, emulgatori: E471,E475, E476, E322; s\u0101ls , sk\u0101buma regul\u0113t\u0101js -citronsk\u0101be (E330), konservants &#8212; k\u0101lija sorb\u0101ts (E-202), arom\u0101tviela, p\u0101rtikas kr\u0101svielas: annato &#8212; E160b(i) un\/vai \u00df-karot\u012bns (E160-a). Produkts var satur\u0113t PIENU}: cukurs;OLAS; cepamais pulveris((KVIE\u0160U milti,sk\u0101buma regul\u0113t\u0101js din\u0101trija difosf\u0101ts  E450i, n\u0101trija hidrogenkarbon\u0101tsE500ii));Uzglab\u0101\u0161anas temperat\u016bra +20+25C Inform\u0101cija par uzturv\u0113rt\u012bbu:100 g produkta satur: ener\u0123\u0113tisk\u0101 v\u0113rt\u012bba 1658 kJ \/ 395kcal; tauki 16.6g, tostarp pies\u0101tin\u0101t\u0101s tauksk\u0101bes 6.2g; og\u013chidr\u0101ti 55g, tostarp cukuri 31.5g; \u0161\u0137iedrvielas 1g; olbaltumvielas 5.9g; s\u0101ls 0.1g.<\/p>\n","protected":false},"excerpt":{"rendered":"<p>10.36 \u20ac\/KG<\/p>\n","protected":false},"featured_media":59097,"template":"","meta":{"_acf_changed":false,"inline_featured_image":false},"product_cat":[125,139],"product_tag":[],"acf":[],"aioseo_notices":[],"_links":{"self":[{"href":"https:\/\/rezekne.citro.lv\/ru\/wp-json\/wp\/v2\/product\/46651"}],"collection":[{"href":"https:\/\/rezekne.citro.lv\/ru\/wp-json\/wp\/v2\/product"}],"about":[{"href":"https:\/\/rezekne.citro.lv\/ru\/wp-json\/wp\/v2\/types\/product"}],"wp:featuredmedia":[{"embeddable":true,"href":"https:\/\/rezekne.citro.lv\/ru\/wp-json\/wp\/v2\/media\/59097"}],"wp:attachment":[{"href":"https:\/\/rezekne.citro.lv\/ru\/wp-json\/wp\/v2\/media?parent=46651"}],"wp:term":[{"taxonomy":"product_cat","embeddable":true,"href":"https:\/\/rezekne.citro.lv\/ru\/wp-json\/wp\/v2\/product_cat?post=46651"},{"taxonomy":"product_tag","embeddable":true,"href":"https:\/\/rezekne.citro.lv\/ru\/wp-json\/wp\/v2\/product_tag?post=46651"}],"curies":[{"name":"wp","href":"https:\/\/api.w.org\/{rel}","templated":true}]}}