{"id":46710,"date":"2026-03-12T00:06:38","date_gmt":"2026-03-11T22:06:38","guid":{"rendered":"https:\/\/rezekne.citro.lv\/veikals\/lekon-stricele-ar-magonem\/"},"modified":"2026-04-22T09:00:21","modified_gmt":"2026-04-22T06:00:21","slug":"stricele-ar-magonem-300g","status":"publish","type":"product","link":"https:\/\/rezekne.citro.lv\/ru\/product\/stricele-ar-magonem-300g\/","title":{"rendered":"\u0160TRICELE AR MAGON\u0112M 300G"},"content":{"rendered":"<p>Izcelsmes valsts: Latvija<br \/>Sast\u0101vda\u013cas: m\u012bkla{KVIE\u0160U MILTI; \u016bdens; margar\u012bns ((augu  e\u013c\u013cas(palmu,rap\u0161u),\u016bdens,emulgatori(tauksk\u0101bju mono un diglicer\u012bdi,  tauksk\u0101bju un poliglicerina esteri, lecit\u012bns), s\u0101ls,sk\u0101buma regul\u0113t\u0101js E 330, konserv\u0101nts k\u0101lija sorb\u0101ts, arom\u0101ts, kr\u0101sviela 160b(i))): cukurs; saulespu\u0137u e\u013c\u013ca rafin\u0113ta; raugs sausais((raugs Saccharomyces cerevisiae ), emulgators: E491 )); s\u0101ls; uzlabot\u0101js (RUDZU milti, KVIE\u0160U milti, miltu apstr\u0101des l\u012bdzeklis: E300, fermenti, inaktiv\u0113ts raugs,KVIE\u0160U ciete}: mago\u0146u pild\u012bjums8.1%(stabiliz\u0113tas magones40%, cukurs, KVIE\u0160U milti, biezin\u0101t\u0101js E1414, s\u0101ls):  \u016bdens; magones 0.5%; cukurs; olu aizvietot\u0101js((KAZE\u012aNS (PIENA olbaltumvielas), sk\u0101buma regul\u0113t\u0101js (E450, E500), LAKTOZE));  Uzglab\u0101\u0161anas temperat\u016bra+20-+25C Inform\u0101cija par uzturv\u0113rt\u012bbu: 100 g produkta satur: ener\u0123\u0113tisk\u0101 v\u0113rt\u012bba 1409 kJ \/ 336kcal; tauki 14.9g, tostarp pies\u0101tin\u0101t\u0101s tauksk\u0101bes 6.9g; og\u013chidr\u0101ti 43.2g, tostarp cukuri 9.7g; \u0161\u0137iedrvielas 2.7g; olbaltumvielas 6g; s\u0101ls 0.6g.<\/p>\n","protected":false},"excerpt":{"rendered":"<p>5.63 \u20ac\/KG<\/p>\n","protected":false},"featured_media":64808,"template":"","meta":{"_acf_changed":false,"inline_featured_image":false},"product_cat":[109,110,220],"product_tag":[],"acf":[],"aioseo_notices":[],"_links":{"self":[{"href":"https:\/\/rezekne.citro.lv\/ru\/wp-json\/wp\/v2\/product\/46710"}],"collection":[{"href":"https:\/\/rezekne.citro.lv\/ru\/wp-json\/wp\/v2\/product"}],"about":[{"href":"https:\/\/rezekne.citro.lv\/ru\/wp-json\/wp\/v2\/types\/product"}],"wp:featuredmedia":[{"embeddable":true,"href":"https:\/\/rezekne.citro.lv\/ru\/wp-json\/wp\/v2\/media\/64808"}],"wp:attachment":[{"href":"https:\/\/rezekne.citro.lv\/ru\/wp-json\/wp\/v2\/media?parent=46710"}],"wp:term":[{"taxonomy":"product_cat","embeddable":true,"href":"https:\/\/rezekne.citro.lv\/ru\/wp-json\/wp\/v2\/product_cat?post=46710"},{"taxonomy":"product_tag","embeddable":true,"href":"https:\/\/rezekne.citro.lv\/ru\/wp-json\/wp\/v2\/product_tag?post=46710"}],"curies":[{"name":"wp","href":"https:\/\/api.w.org\/{rel}","templated":true}]}}