{"id":46722,"date":"2025-03-07T00:12:12","date_gmt":"2025-03-06T22:12:12","guid":{"rendered":"https:\/\/rezekne.citro.lv\/veikals\/konfektes-varaviksne-daudzkrasainas-200g\/"},"modified":"2026-05-13T06:25:47","modified_gmt":"2026-05-13T03:25:47","slug":"konfektes-varaviksne-daudzkrasainas-200g","status":"publish","type":"product","link":"https:\/\/rezekne.citro.lv\/ru\/product\/konfektes-varaviksne-daudzkrasainas-200g\/","title":{"rendered":"KONFEKTES VARAV\u012aKSNE DAUDZKR\u0100SAIN\u0100S 200G"},"content":{"rendered":"<p>Izcelsmes valsts: Latvija<\/p>\n","protected":false},"excerpt":{"rendered":"<p>10.95 \u20ac\/KG<\/p>\n","protected":false},"featured_media":30891,"template":"","meta":{"_acf_changed":false,"inline_featured_image":false},"product_cat":[125,201,207],"product_tag":[],"acf":[],"aioseo_notices":[],"_links":{"self":[{"href":"https:\/\/rezekne.citro.lv\/ru\/wp-json\/wp\/v2\/product\/46722"}],"collection":[{"href":"https:\/\/rezekne.citro.lv\/ru\/wp-json\/wp\/v2\/product"}],"about":[{"href":"https:\/\/rezekne.citro.lv\/ru\/wp-json\/wp\/v2\/types\/product"}],"wp:featuredmedia":[{"embeddable":true,"href":"https:\/\/rezekne.citro.lv\/ru\/wp-json\/wp\/v2\/media\/30891"}],"wp:attachment":[{"href":"https:\/\/rezekne.citro.lv\/ru\/wp-json\/wp\/v2\/media?parent=46722"}],"wp:term":[{"taxonomy":"product_cat","embeddable":true,"href":"https:\/\/rezekne.citro.lv\/ru\/wp-json\/wp\/v2\/product_cat?post=46722"},{"taxonomy":"product_tag","embeddable":true,"href":"https:\/\/rezekne.citro.lv\/ru\/wp-json\/wp\/v2\/product_tag?post=46722"}],"curies":[{"name":"wp","href":"https:\/\/api.w.org\/{rel}","templated":true}]}}